{"id":141958,"date":"2022-06-27T14:52:00","date_gmt":"2022-06-27T07:52:00","guid":{"rendered":"https:\/\/newsreports.com\/categorias\/"},"modified":"2024-12-15T10:33:50","modified_gmt":"2024-12-15T03:33:50","slug":"categorias","status":"publish","type":"page","link":"https:\/\/newsreports.com\/pt-br\/categorias\/","title":{"rendered":"Categorias"},"content":{"rendered":"\t\t<div data-elementor-type=\"wp-page\" data-elementor-id=\"141958\" class=\"elementor elementor-141958 elementor-95924\">\n\t\t\t\t\t\t\t\t\t<section class=\"elementor-section elementor-top-section elementor-element elementor-element-7da6f60f elementor-section-boxed elementor-section-height-default elementor-section-height-default\" data-id=\"7da6f60f\" data-element_type=\"section\">\n\t\t\t\t\t\t<div class=\"elementor-container elementor-column-gap-default\">\n\t\t\t\t\t<div class=\"elementor-column elementor-col-100 elementor-top-column elementor-element elementor-element-df0b8e9\" data-id=\"df0b8e9\" data-element_type=\"column\">\n\t\t\t<div class=\"elementor-widget-wrap elementor-element-populated\">\n\t\t\t\t\t\t\t\t<div class=\"elementor-element elementor-element-d697bf0 elementor-widget elementor-widget-heading\" data-id=\"d697bf0\" data-element_type=\"widget\" data-widget_type=\"heading.default\">\n\t\t\t\t<div class=\"elementor-widget-container\">\n\t\t\t<style>\/*! elementor - v3.12.2 - 23-04-2023 *\/\n.elementor-heading-title{padding:0;margin:0;line-height:1}.elementor-widget-heading .elementor-heading-title[class*=elementor-size-]>a{color:inherit;font-size:inherit;line-height:inherit}.elementor-widget-heading .elementor-heading-title.elementor-size-small{font-size:15px}.elementor-widget-heading .elementor-heading-title.elementor-size-medium{font-size:19px}.elementor-widget-heading .elementor-heading-title.elementor-size-large{font-size:29px}.elementor-widget-heading .elementor-heading-title.elementor-size-xl{font-size:39px}.elementor-widget-heading .elementor-heading-title.elementor-size-xxl{font-size:59px}<\/style><h1 class=\"elementor-heading-title elementor-size-default\">Todas as categorias<\/h1>\t\t<\/div>\n\t\t\t\t<\/div>\n\t\t\t\t<div class=\"elementor-element elementor-element-322de9c elementor-widget elementor-widget-wp-widget-categories\" data-id=\"322de9c\" data-element_type=\"widget\" data-widget_type=\"wp-widget-categories.default\">\n\t\t\t\t<div class=\"elementor-widget-container\">\n\t\t\t<h5>Categorias<\/h5>\n\t\t\t<ul>\n\t\t\t\t\t<li class=\"cat-item cat-item-23250\"><a href=\"https:\/\/newsreports.com\/pt-br\/category\/nao-categorizado\/\">N\u00e3o categorizado<\/a>\n<\/li>\n\t\t\t<\/ul>\n\n\t\t\t\t\t<\/div>\n\t\t\t\t<\/div>\n\t\t\t\t<div class=\"elementor-element elementor-element-a46259e elementor-widget elementor-widget-wp-widget-archives\" data-id=\"a46259e\" data-element_type=\"widget\" data-widget_type=\"wp-widget-archives.default\">\n\t\t\t\t<div class=\"elementor-widget-container\">\n\t\t\t<h5>Arquivos<\/h5>\n\t\t\t<ul>\n\t\t\t\t\t<li><a href='https:\/\/newsreports.com\/pt-br\/2025\/05\/'>maio 2025<\/a><\/li>\n\t<li><a href='https:\/\/newsreports.com\/pt-br\/2025\/04\/'>abril 2025<\/a><\/li>\n\t<li><a href='https:\/\/newsreports.com\/pt-br\/2025\/03\/'>mar\u00e7o 2025<\/a><\/li>\n\t<li><a href='https:\/\/newsreports.com\/pt-br\/2025\/02\/'>fevereiro 2025<\/a><\/li>\n\t<li><a href='https:\/\/newsreports.com\/pt-br\/2025\/01\/'>janeiro 2025<\/a><\/li>\n\t<li><a href='https:\/\/newsreports.com\/pt-br\/2024\/12\/'>dezembro 2024<\/a><\/li>\n\t<li><a href='https:\/\/newsreports.com\/pt-br\/2024\/11\/'>novembro 2024<\/a><\/li>\n\t\t\t<\/ul>\n\n\t\t\t\t\t<\/div>\n\t\t\t\t<\/div>\n\t\t\t\t<div class=\"elementor-element elementor-element-512431d elementor-widget elementor-widget-wp-widget-pages\" data-id=\"512431d\" data-element_type=\"widget\" data-widget_type=\"wp-widget-pages.default\">\n\t\t\t\t<div class=\"elementor-widget-container\">\n\t\t\t<h5>P\u00e1ginas<\/h5>\n\t\t\t<ul>\n\t\t\t\t<li class=\"page_item page-item-141958\"><a href=\"https:\/\/newsreports.com\/pt-br\/categorias\/\">Categorias<\/a><\/li>\n<li class=\"page_item page-item-141946\"><a href=\"https:\/\/newsreports.com\/pt-br\/colaboradores\/\">Colaboradores<\/a><\/li>\n<li class=\"page_item page-item-141933\"><a href=\"https:\/\/newsreports.com\/pt-br\/contato\/\">Contato<\/a><\/li>\n<li class=\"page_item page-item-141955\"><a href=\"https:\/\/newsreports.com\/pt-br\/\">In\u00edcio<\/a><\/li>\n<li class=\"page_item page-item-141940\"><a href=\"https:\/\/newsreports.com\/pt-br\/politica-de-privacidade\/\">Pol\u00edtica de privacidade<\/a><\/li>\n<li class=\"page_item page-item-141949\"><a href=\"https:\/\/newsreports.com\/pt-br\/privacidade\/\">Privacidade<\/a><\/li>\n<li class=\"page_item page-item-141938\"><a href=\"https:\/\/newsreports.com\/pt-br\/promover-seu-aplicativo-ou-software\/\">Promover seu aplicativo ou software<\/a><\/li>\n<li class=\"page_item page-item-141928\"><a href=\"https:\/\/newsreports.com\/pt-br\/publicidade\/\">Publicidade<\/a><\/li>\n<li class=\"page_item page-item-141941\"><a href=\"https:\/\/newsreports.com\/pt-br\/sobre-nos\/\">Sobre n\u00f3s<\/a><\/li>\n<li class=\"page_item page-item-141947\"><a href=\"https:\/\/newsreports.com\/pt-br\/termos-de-servico\/\">Termos de servi\u00e7o<\/a><\/li>\n\t\t\t<\/ul>\n\n\t\t\t\t\t<\/div>\n\t\t\t\t<\/div>\n\t\t\t\t\t<\/div>\n\t\t<\/div>\n\t\t\t\t\t\t\t<\/div>\n\t\t<\/section>\n\t\t\t\t\t\t\t<\/div>\n\t\t","protected":false},"excerpt":{"rendered":"<p>Todas as categorias<\/p>\n","protected":false},"author":15878,"featured_media":0,"parent":0,"menu_order":0,"comment_status":"closed","ping_status":"closed","template":"","meta":{"_acf_changed":false,"inline_featured_image":false,"footnotes":""},"class_list":["post-141958","page","type-page","status-publish","hentry"],"acf":[],"yoast_head":"<!-- This site is optimized with the Yoast SEO plugin v18.8 - https:\/\/yoast.com\/wordpress\/plugins\/seo\/ -->\n<title>Categorias<\/title>\n<meta name=\"description\" content=\"Aqui est\u00e3o todas as p\u00e1ginas de categoria do site NewsReports. NewsReports \u00e9 uma publica\u00e7\u00e3o focada em fornecer conte\u00fado de not\u00edcias para o grande p\u00fablico.\" \/>\n<meta name=\"robots\" content=\"index, follow, max-snippet:-1, max-image-preview:large, max-video-preview:-1\" \/>\n<link rel=\"canonical\" href=\"https:\/\/newsreports.com\/pt-br\/categorias\/\" \/>\n<meta property=\"og:locale\" content=\"pt_BR\" \/>\n<meta property=\"og:type\" content=\"article\" \/>\n<meta property=\"og:title\" content=\"Categorias\" \/>\n<meta property=\"og:description\" content=\"Aqui est\u00e3o todas as p\u00e1ginas de categoria do site NewsReports. NewsReports \u00e9 uma publica\u00e7\u00e3o focada em fornecer conte\u00fado de not\u00edcias para o grande p\u00fablico.\" \/>\n<meta property=\"og:url\" content=\"https:\/\/newsreports.com\/pt-br\/categorias\/\" \/>\n<meta property=\"og:site_name\" content=\"NewsReports\" \/>\n<meta property=\"article:modified_time\" content=\"2024-12-15T03:33:50+00:00\" \/>\n<meta name=\"twitter:card\" content=\"summary_large_image\" \/>\n<script type=\"application\/ld+json\" class=\"yoast-schema-graph\">{\"@context\":\"https:\/\/schema.org\",\"@graph\":[{\"@type\":\"WebSite\",\"@id\":\"https:\/\/newsreports.com\/pt-br\/#website\",\"url\":\"https:\/\/newsreports.com\/pt-br\/\",\"name\":\"NewsReports\",\"description\":\"- Apps News, Trends, and More\",\"potentialAction\":[{\"@type\":\"SearchAction\",\"target\":{\"@type\":\"EntryPoint\",\"urlTemplate\":\"https:\/\/newsreports.com\/pt-br\/?s={search_term_string}\"},\"query-input\":\"required name=search_term_string\"}],\"inLanguage\":\"pt-BR\"},{\"@type\":\"WebPage\",\"@id\":\"https:\/\/newsreports.com\/pt-br\/categorias\/#webpage\",\"url\":\"https:\/\/newsreports.com\/pt-br\/categorias\/\",\"name\":\"Categorias\",\"isPartOf\":{\"@id\":\"https:\/\/newsreports.com\/pt-br\/#website\"},\"datePublished\":\"2022-06-27T07:52:00+00:00\",\"dateModified\":\"2024-12-15T03:33:50+00:00\",\"description\":\"Aqui est\u00e3o todas as p\u00e1ginas de categoria do site NewsReports. NewsReports \u00e9 uma publica\u00e7\u00e3o focada em fornecer conte\u00fado de not\u00edcias para o grande p\u00fablico.\",\"breadcrumb\":{\"@id\":\"https:\/\/newsreports.com\/pt-br\/categorias\/#breadcrumb\"},\"inLanguage\":\"pt-BR\",\"potentialAction\":[{\"@type\":\"ReadAction\",\"target\":[\"https:\/\/newsreports.com\/pt-br\/categorias\/\"]}]},{\"@type\":\"BreadcrumbList\",\"@id\":\"https:\/\/newsreports.com\/pt-br\/categorias\/#breadcrumb\",\"itemListElement\":[{\"@type\":\"ListItem\",\"position\":1,\"name\":\"Home\",\"item\":\"https:\/\/newsreports.com\/pt-br\/inicio\/\"},{\"@type\":\"ListItem\",\"position\":2,\"name\":\"Categorias\"}]}]}<\/script>\n<!-- \/ Yoast SEO plugin. -->","yoast_head_json":{"title":"Categorias","description":"Aqui est\u00e3o todas as p\u00e1ginas de categoria do site NewsReports. NewsReports \u00e9 uma publica\u00e7\u00e3o focada em fornecer conte\u00fado de not\u00edcias para o grande p\u00fablico.","robots":{"index":"index","follow":"follow","max-snippet":"max-snippet:-1","max-image-preview":"max-image-preview:large","max-video-preview":"max-video-preview:-1"},"canonical":"https:\/\/newsreports.com\/pt-br\/categorias\/","og_locale":"pt_BR","og_type":"article","og_title":"Categorias","og_description":"Aqui est\u00e3o todas as p\u00e1ginas de categoria do site NewsReports. NewsReports \u00e9 uma publica\u00e7\u00e3o focada em fornecer conte\u00fado de not\u00edcias para o grande p\u00fablico.","og_url":"https:\/\/newsreports.com\/pt-br\/categorias\/","og_site_name":"NewsReports","article_modified_time":"2024-12-15T03:33:50+00:00","twitter_card":"summary_large_image","schema":{"@context":"https:\/\/schema.org","@graph":[{"@type":"WebSite","@id":"https:\/\/newsreports.com\/pt-br\/#website","url":"https:\/\/newsreports.com\/pt-br\/","name":"NewsReports","description":"- Apps News, Trends, and More","potentialAction":[{"@type":"SearchAction","target":{"@type":"EntryPoint","urlTemplate":"https:\/\/newsreports.com\/pt-br\/?s={search_term_string}"},"query-input":"required name=search_term_string"}],"inLanguage":"pt-BR"},{"@type":"WebPage","@id":"https:\/\/newsreports.com\/pt-br\/categorias\/#webpage","url":"https:\/\/newsreports.com\/pt-br\/categorias\/","name":"Categorias","isPartOf":{"@id":"https:\/\/newsreports.com\/pt-br\/#website"},"datePublished":"2022-06-27T07:52:00+00:00","dateModified":"2024-12-15T03:33:50+00:00","description":"Aqui est\u00e3o todas as p\u00e1ginas de categoria do site NewsReports. NewsReports \u00e9 uma publica\u00e7\u00e3o focada em fornecer conte\u00fado de not\u00edcias para o grande p\u00fablico.","breadcrumb":{"@id":"https:\/\/newsreports.com\/pt-br\/categorias\/#breadcrumb"},"inLanguage":"pt-BR","potentialAction":[{"@type":"ReadAction","target":["https:\/\/newsreports.com\/pt-br\/categorias\/"]}]},{"@type":"BreadcrumbList","@id":"https:\/\/newsreports.com\/pt-br\/categorias\/#breadcrumb","itemListElement":[{"@type":"ListItem","position":1,"name":"Home","item":"https:\/\/newsreports.com\/pt-br\/inicio\/"},{"@type":"ListItem","position":2,"name":"Categorias"}]}]}},"_links":{"self":[{"href":"https:\/\/newsreports.com\/pt-br\/wp-json\/wp\/v2\/pages\/141958","targetHints":{"allow":["GET"]}}],"collection":[{"href":"https:\/\/newsreports.com\/pt-br\/wp-json\/wp\/v2\/pages"}],"about":[{"href":"https:\/\/newsreports.com\/pt-br\/wp-json\/wp\/v2\/types\/page"}],"author":[{"embeddable":true,"href":"https:\/\/newsreports.com\/pt-br\/wp-json\/wp\/v2\/users\/15878"}],"replies":[{"embeddable":true,"href":"https:\/\/newsreports.com\/pt-br\/wp-json\/wp\/v2\/comments?post=141958"}],"version-history":[{"count":1,"href":"https:\/\/newsreports.com\/pt-br\/wp-json\/wp\/v2\/pages\/141958\/revisions"}],"predecessor-version":[{"id":141963,"href":"https:\/\/newsreports.com\/pt-br\/wp-json\/wp\/v2\/pages\/141958\/revisions\/141963"}],"wp:attachment":[{"href":"https:\/\/newsreports.com\/pt-br\/wp-json\/wp\/v2\/media?parent=141958"}],"curies":[{"name":"wp","href":"https:\/\/api.w.org\/{rel}","templated":true}]}}