{"id":141947,"date":"2016-11-17T16:27:46","date_gmt":"2016-11-17T09:27:46","guid":{"rendered":"https:\/\/newsreports.com\/termos-de-servico\/"},"modified":"2016-11-17T16:27:46","modified_gmt":"2016-11-17T09:27:46","slug":"termos-de-servico","status":"publish","type":"page","link":"https:\/\/newsreports.com\/pt-br\/termos-de-servico\/","title":{"rendered":"Termos de servi\u00e7o"},"content":{"rendered":"<p><strong>1. Reconhecimento e aceita\u00e7\u00e3o dos termos<\/strong><\/p>\n<p>A Appolicious fornece os sites <a href=\"\/\">www.appolicious.com,<\/a> <a href=\"http:\/\/www.androidapps.com\/\">www.androidapps.com<\/a> e <a href=\"http:\/\/www.appvee.com\/\">www.appvee.com<\/a> (os &#8220;Sites&#8221;) sujeitos \u00e0 sua conformidade com todos os termos, condi\u00e7\u00f5es e notifica\u00e7\u00f5es contidos ou mencionados neste documento (os &#8220;Termos de Uso&#8221;). Al\u00e9m disso, ao usar servi\u00e7os espec\u00edficos nos Sites, voc\u00ea estar\u00e1 sujeito a quaisquer diretrizes ou regras publicadas aplic\u00e1veis a esses servi\u00e7os que possam conter termos e condi\u00e7\u00f5es al\u00e9m daqueles contidos nos Termos de Uso. Ao usar os Sites, voc\u00ea concorda com os Termos de Uso. Se voc\u00ea n\u00e3o concordar, n\u00e3o use os Sites. Reservamo-nos o direito de alterar os Termos de Uso periodicamente sem aviso pr\u00e9vio a voc\u00ea. Voc\u00ea reconhece e concorda que \u00e9 sua responsabilidade revisar os Sites e os Termos de Uso periodicamente para tomar conhecimento de quaisquer modifica\u00e7\u00f5es. Se voc\u00ea continuar a usar os Sites ap\u00f3s a publica\u00e7\u00e3o de quaisquer modifica\u00e7\u00f5es, isso constituir\u00e1 sua concord\u00e2ncia em estar vinculado a esses Termos de Uso modificados. Podemos modificar, suspender, descontinuar ou restringir o uso dos Sites, de qualquer parte deles ou de qualquer conte\u00fado a qualquer momento, com ou sem aviso pr\u00e9vio a voc\u00ea.   <\/p>\n<p><strong>2. Requisito de idade<\/strong><\/p>\n<p>Os Sites est\u00e3o dispon\u00edveis somente para pessoas com 13 anos de idade ou mais. Se voc\u00ea tiver entre 13 e 18 anos de idade, dever\u00e1 analisar os Termos de Uso com seus pais ou respons\u00e1veis para certificar-se de que voc\u00ea e seus pais ou respons\u00e1veis entendem os Termos de Uso. <\/p>\n<p><strong>3. Conte\u00fado<\/strong><\/p>\n<p>Todos os textos, gr\u00e1ficos, interfaces visuais e de usu\u00e1rio, fotografias, marcas comerciais, logotipos, sons, m\u00fasicas, trabalhos art\u00edsticos, aplicativos, c\u00f3digos de computador e documenta\u00e7\u00e3o associada (coletivamente, o &#8220;Conte\u00fado&#8221;), incluindo, entre outros, o design, a estrutura, a disposi\u00e7\u00e3o e a &#8220;apar\u00eancia&#8221; desse Conte\u00fado, s\u00e3o de nossa propriedade ou licenciados para n\u00f3s e est\u00e3o protegidos por direitos autorais, marcas comerciais e outros direitos e leis de propriedade intelectual. Exceto conforme expressamente previsto nos Termos de Uso, nenhuma parte dos Sites e nenhum Conte\u00fado pode ser copiado, reproduzido, vendido, republicado, transmitido, exibido, republicado ou distribu\u00eddo de outra forma para fins p\u00fablicos ou comerciais.<\/p>\n<p><strong>4. Uso de sites<\/strong><\/p>\n<p>O uso que voc\u00ea faz dos Sites est\u00e1 sujeito a todas as leis e regulamentos aplic\u00e1veis. Voc\u00ea n\u00e3o poder\u00e1:<\/p>\n<ul>\n<li>usar qualquer &#8220;deep-link&#8221;, &#8220;page-scrape&#8221;, &#8220;rob\u00f4&#8221;, &#8220;spider&#8221; ou outro dispositivo autom\u00e1tico, programa, algoritmo ou metodologia, ou qualquer processo manual para acessar, adquirir, copiar ou monitorar qualquer parte dos Sites ou qualquer Conte\u00fado ou obter ou tentar obter quaisquer materiais, documentos ou informa\u00e7\u00f5es por quaisquer meios que n\u00e3o tenham sido propositalmente disponibilizados pelos Sites;<\/li>\n<li>tentar obter acesso n\u00e3o autorizado a qualquer parte dos Sites ou a qualquer Conte\u00fado, ou a quaisquer sistemas ou redes conectados ao Site, por meio de hacking, &#8220;minera\u00e7\u00e3o&#8221; de senhas ou qualquer outro meio ileg\u00edtimo;<\/li>\n<li>sondar, examinar ou testar a vulnerabilidade dos Sites ou de qualquer Conte\u00fado, ou de qualquer sistema ou rede conectada ao Site;<\/li>\n<li>fazer pesquisa reversa ou rastrear qualquer informa\u00e7\u00e3o de qualquer outro usu\u00e1rio ou visitante dos Sites ou, de outra forma, usar os Sites com a finalidade de obter informa\u00e7\u00f5es de qualquer outro usu\u00e1rio ou visitante dos Sites;<\/li>\n<li>usar qualquer dispositivo, software ou processo para interferir, ou tentar interferir, no funcionamento adequado dos Sites ou de qualquer Conte\u00fado, ou de quaisquer sistemas ou redes conectados aos Sites, ou no uso dos Sites por qualquer outra pessoa; ou<\/li>\n<li>usar os Sites ou qualquer Conte\u00fado para qualquer finalidade que seja ilegal ou proibida pelos Termos de Uso.<\/li>\n<\/ul>\n<p>Qualquer uso n\u00e3o autorizado dos Sites ou de qualquer Conte\u00fado pode violar direitos autorais, marcas comerciais e outras leis aplic\u00e1veis e pode resultar em penalidades criminais ou civis.<\/p>\n<p><strong>5. Uso de software<\/strong><\/p>\n<p>Qualquer software disponibilizado por meio dos Sites ser\u00e1 regido pelos termos do contrato de licen\u00e7a que acompanha o software ou que \u00e9 publicado com o download do software ou na p\u00e1gina dos Sites em que o software pode ser acessado; desde que, no entanto, se nenhum contrato de licen\u00e7a for disponibilizado, concedemos a voc\u00ea uma licen\u00e7a revog\u00e1vel, mundial, com pagamento de royalties, n\u00e3o atribu\u00edvel e n\u00e3o exclusiva para usar o Software para seu uso pessoal e n\u00e3o comercial de acordo com os Termos de Uso. Em caso de inconsist\u00eancia entre os Termos de Uso e qualquer contrato de licen\u00e7a, o contrato de licen\u00e7a dever\u00e1 prevalecer em rela\u00e7\u00e3o ao software. Voc\u00ea n\u00e3o pode descompilar, fazer engenharia reversa ou tentar descobrir o c\u00f3digo-fonte do software. O software pode baixar e instalar automaticamente atualiza\u00e7\u00f5es nossas de tempos em tempos. Essas atualiza\u00e7\u00f5es s\u00e3o projetadas para melhorar, aprimorar e desenvolver ainda mais o software e podem assumir a forma de corre\u00e7\u00f5es de bugs, fun\u00e7\u00f5es aprimoradas, novos m\u00f3dulos de software e vers\u00f5es completamente novas. Voc\u00ea concorda em receber essas atualiza\u00e7\u00f5es (e nos permite fornec\u00ea-las a voc\u00ea com ou sem o seu conhecimento) como parte do seu uso do software. <\/p>\n<p><strong>6. Informa\u00e7\u00f5es da conta<\/strong><\/p>\n<p>Determinados recursos ou servi\u00e7os oferecidos nos Sites ou por meio deles podem exigir que voc\u00ea abra uma conta (incluindo um nome de usu\u00e1rio e uma senha). Voc\u00ea \u00e9 respons\u00e1vel por tomar todas as medidas para garantir que nenhuma pessoa n\u00e3o autorizada tenha acesso \u00e0 sua conta ou senha. \u00c9 de sua exclusiva responsabilidade: (i) controlar a dissemina\u00e7\u00e3o e o uso de sua conta e senha; e (ii) informar-nos prontamente sobre qualquer necessidade de desativar uma conta ou senha. N\u00e3o nos responsabilizamos por qualquer dano relacionado ao roubo de senhas ou \u00e0 divulga\u00e7\u00e3o de senhas por voc\u00ea. Voc\u00ea dever\u00e1 nos notificar imediatamente sobre qualquer uso n\u00e3o autorizado de sua conta ou senha ou qualquer viola\u00e7\u00e3o de confidencialidade. Voc\u00ea \u00e9 o \u00fanico respons\u00e1vel por qualquer dano resultante do uso da sua conta e do seu nome de usu\u00e1rio. Voc\u00ea n\u00e3o poder\u00e1 usar sua conta ou senha para violar a seguran\u00e7a de outra conta.        <\/p>\n<p><strong>7. Privacidade<\/strong><\/p>\n<p>Nossa Pol\u00edtica de Privacidade se aplica ao uso dos Sites e seus termos fazem parte dos Termos de Uso por esta refer\u00eancia. Para ver nossa Pol\u00edtica de Privacidade, clique <a href=\"http:\/\/appolicious.com\/privacy-policy\">aqui<\/a>. <\/p>\n<p><strong>8. Isen\u00e7\u00e3o de garantias e limita\u00e7\u00e3o de responsabilidade<\/strong><\/p>\n<p>OS SITES E TODO O CONTE\u00daDO S\u00c3O FORNECIDOS &#8220;NO ESTADO EM QUE SE ENCONTRAM&#8221; E &#8220;CONFORME DISPON\u00cdVEIS&#8221;, SEM GARANTIA DE QUALQUER TIPO, EXPRESSA OU IMPL\u00cdCITA, INCLUINDO, SEM LIMITA\u00c7\u00c3O, GARANTIAS DE COMERCIALIZA\u00c7\u00c3O, ADEQUA\u00c7\u00c3O A UMA FINALIDADE ESPEC\u00cdFICA, PRECIS\u00c3O, INTEGRIDADE, ATUALIDADE, AUS\u00caNCIA DE INTERRUP\u00c7\u00c3O, V\u00cdRUS OU OUTRO DEFEITO E N\u00c3O VIOLA\u00c7\u00c3O. SEU \u00daNICO RECURSO CONTRA N\u00d3S EM CASO DE INSATISFA\u00c7\u00c3O COM OS SITES OU QUALQUER CONTE\u00daDO \u00c9 PARAR DE USAR OS SITES OU QUALQUER CONTE\u00daDO. EM NENHUMA HIP\u00d3TESE N\u00d3S OU NOSSOS DIRETORES, CONSELHEIROS, FUNCION\u00c1RIOS, AGENTES, LICENCIANTES OU FORNECEDORES DE CONTE\u00daDO (nossos &#8220;AFILIADOS&#8221;) SEREMOS RESPONS\u00c1VEIS POR QUAISQUER DANOS, INCLUINDO, SEM LIMITA\u00c7\u00c3O, DANOS INDIRETOS, CONSEQ\u00dcENCIAIS, ESPECIAIS, INCIDENTAIS OU PUNITIVOS, RESULTANTES DO USO OU DA INCAPACIDADE DE USAR OS SITES OU O CONTE\u00daDO, SEJA COM BASE EM GARANTIA, CONTRATO, ATO IL\u00cdCITO OU QUALQUER OUTRA TEORIA LEGAL, E INDEPENDENTEMENTE DE N\u00d3S OU NOSSAS AFILIADAS TERMOS SIDO AVISADOS SOBRE A POSSIBILIDADE DE TAIS DANOS.<\/p>\n<p><strong>9. Rescis\u00e3o e indeniza\u00e7\u00e3o<\/strong><\/p>\n<p>Voc\u00ea concorda que poderemos, a qualquer momento e a nosso crit\u00e9rio exclusivo, encerrar sua conta ou suspender ou proibir seu acesso aos Sites sem aviso pr\u00e9vio por viola\u00e7\u00e3o de qualquer um dos Termos de Uso ou por qualquer outro motivo. Voc\u00ea concorda em defender, indenizar e isentar a n\u00f3s e a nossas Afiliadas de quaisquer demandas, perdas, responsabilidades, reclama\u00e7\u00f5es ou despesas (incluindo honor\u00e1rios advocat\u00edcios) feitas contra n\u00f3s por terceiros devido a ou decorrentes do seu uso dos Sites.<\/p>\n<p><strong>10. Envios de usu\u00e1rios<\/strong><\/p>\n<p>Se voc\u00ea fizer qualquer envio para n\u00f3s, voc\u00ea concorda que n\u00e3o enviar\u00e1 ou transmitir\u00e1 qualquer comunica\u00e7\u00e3o ou conte\u00fado que: (i) seja difamat\u00f3rio, indecente, assediador ou de outra forma question\u00e1vel; (ii) infrinja ou viole quaisquer direitos de qualquer parte; ou (iii) contenha v\u00edrus ou dados corrompidos. Todos os e-mails e outras correspond\u00eancias que voc\u00ea nos enviar passar\u00e3o a ser de nossa \u00fanica e exclusiva propriedade. Se voc\u00ea nos enviar qualquer informa\u00e7\u00e3o comercial, ideia, conceito ou inven\u00e7\u00e3o, tal envio ser\u00e1 considerado: (i) n\u00e3o confidencial; e (ii) nossa propriedade \u00fanica e exclusiva. N\u00e3o teremos nenhuma obriga\u00e7\u00e3o de qualquer tipo com rela\u00e7\u00e3o ao envio, e estaremos livres para usar ou transmitir esse envio para qualquer finalidade.   <\/p>\n<p><strong>11. Links<\/strong><\/p>\n<p>Podemos fornecer links para sites de terceiros. N\u00e3o recomendamos nem endossamos o conte\u00fado de nenhum site de terceiros. N\u00e3o somos respons\u00e1veis pelo conte\u00fado de sites de terceiros vinculados e n\u00e3o fazemos nenhuma declara\u00e7\u00e3o ou garantia com rela\u00e7\u00e3o a seu conte\u00fado ou precis\u00e3o. O uso de sites de terceiros \u00e9 por sua conta e risco e est\u00e1 sujeito aos termos e condi\u00e7\u00f5es de uso de tais sites.   <\/p>\n<p><strong>12. Avisos<\/strong><\/p>\n<p>Podemos enviar a voc\u00ea um aviso referente aos Sites enviando uma mensagem de e-mail para o endere\u00e7o de e-mail listado em sua conta, enviando uma carta por correio postal para o endere\u00e7o de contato listado em sua conta ou postando no Site. Todos os avisos ser\u00e3o considerados entregues \u00e0 parte que os receber: (i) um dia \u00fatil ap\u00f3s o dep\u00f3sito em uma transportadora noturna; (ii) tr\u00eas dias \u00fateis ap\u00f3s a data de postagem, se enviados por correio postal; (iii) a data de transmiss\u00e3o, se enviados por e-mail; ou (iv) a data em que publicarmos o aviso no Site.     <\/p>\n<p><strong>13. Lei regente, uso internacional  <\/strong><\/p>\n<p>Os Termos de Uso ser\u00e3o regidos e interpretados de acordo com as leis internas do Estado de Illinois, sem levar em conta seus conflitos de disposi\u00e7\u00f5es legais. Voc\u00ea concorda com a jurisdi\u00e7\u00e3o pessoal e o foro dos tribunais estaduais e federais do Condado de Cook, Illinois, e renuncia a qualquer obje\u00e7\u00e3o a essa jurisdi\u00e7\u00e3o ou foro. Embora os Sites possam ser acessados em todo o mundo, n\u00e3o garantimos que os materiais contidos nos Sites sejam apropriados ou estejam dispon\u00edveis para uso em locais fora dos Estados Unidos, e \u00e9 proibido acessar os Sites de territ\u00f3rios onde seu uso seja ilegal. <\/p>\n<p><strong>14. Contrato integral<\/strong><\/p>\n<p>Os Termos de Uso representam o acordo integral entre voc\u00ea e n\u00f3s com rela\u00e7\u00e3o ao assunto aqui tratado e substituem todos os acordos ou entendimentos anteriores ou contempor\u00e2neos, escritos ou orais. Os Termos de Uso ser\u00e3o vinculados e reverter\u00e3o em benef\u00edcio das partes e de seus respectivos sucessores e cession\u00e1rios legais. <\/p>\n<p><strong>15. Ren\u00fancia<\/strong><\/p>\n<p>O fato de n\u00e3o aplicarmos ou exercermos quaisquer disposi\u00e7\u00f5es dos Termos de Uso n\u00e3o constituir\u00e1 uma ren\u00fancia a esse direito ou disposi\u00e7\u00e3o. O fato de n\u00e3o agirmos com rela\u00e7\u00e3o a uma viola\u00e7\u00e3o cometida por voc\u00ea ou por outros n\u00e3o renuncia aos nossos direitos de agir com rela\u00e7\u00e3o a viola\u00e7\u00f5es subsequentes ou semelhantes. <\/p>\n<p><strong>16. Honor\u00e1rios de advogados e contadores<\/strong><\/p>\n<p>Em qualquer a\u00e7\u00e3o para fazer cumprir os Termos de Uso, a parte vencedora ter\u00e1 direito a honor\u00e1rios e custos de advogados e contadores.<\/p>\n","protected":false},"excerpt":{"rendered":"<p>1. Reconhecimento e aceita\u00e7\u00e3o dos termos A Appolicious fornece os sites www.appolicious.com, www.androidapps.com e www.appvee.com (os &#8220;Sites&#8221;) sujeitos \u00e0 sua conformidade com todos os termos, condi\u00e7\u00f5es e notifica\u00e7\u00f5es contidos ou mencionados neste documento (os &#8220;Termos de Uso&#8221;). Al\u00e9m disso, ao usar servi\u00e7os espec\u00edficos nos Sites, voc\u00ea estar\u00e1 sujeito a quaisquer diretrizes ou regras publicadas aplic\u00e1veis [&hellip;]<\/p>\n","protected":false},"author":15865,"featured_media":0,"parent":0,"menu_order":0,"comment_status":"closed","ping_status":"closed","template":"","meta":{"_acf_changed":false,"inline_featured_image":false,"footnotes":""},"class_list":["post-141947","page","type-page","status-publish","hentry"],"acf":[],"yoast_head":"<!-- This site is optimized with the Yoast SEO plugin v18.8 - https:\/\/yoast.com\/wordpress\/plugins\/seo\/ -->\n<title>Termos de servi\u00e7o<\/title>\n<meta name=\"description\" content=\"Esta \u00e9 a p\u00e1gina de termos de servi\u00e7o do NewsReports. Ela discute as condi\u00e7\u00f5es de cada usu\u00e1rio que utiliza o site do NewsReports.\" \/>\n<meta name=\"robots\" content=\"index, follow, max-snippet:-1, max-image-preview:large, max-video-preview:-1\" \/>\n<link rel=\"canonical\" href=\"https:\/\/newsreports.com\/pt-br\/termos-de-servico\/\" \/>\n<meta property=\"og:locale\" content=\"pt_BR\" \/>\n<meta property=\"og:type\" content=\"article\" \/>\n<meta property=\"og:title\" content=\"Termos de servi\u00e7o\" \/>\n<meta property=\"og:description\" content=\"Esta \u00e9 a p\u00e1gina de termos de servi\u00e7o do NewsReports. Ela discute as condi\u00e7\u00f5es de cada usu\u00e1rio que utiliza o site do NewsReports.\" \/>\n<meta property=\"og:url\" content=\"https:\/\/newsreports.com\/pt-br\/termos-de-servico\/\" \/>\n<meta property=\"og:site_name\" content=\"NewsReports\" \/>\n<meta name=\"twitter:card\" content=\"summary_large_image\" \/>\n<meta name=\"twitter:label1\" content=\"Est. tempo de leitura\" \/>\n\t<meta name=\"twitter:data1\" content=\"10 minutos\" \/>\n<script type=\"application\/ld+json\" class=\"yoast-schema-graph\">{\"@context\":\"https:\/\/schema.org\",\"@graph\":[{\"@type\":\"WebSite\",\"@id\":\"https:\/\/newsreports.com\/pt-br\/#website\",\"url\":\"https:\/\/newsreports.com\/pt-br\/\",\"name\":\"NewsReports\",\"description\":\"- Apps News, Trends, and More\",\"potentialAction\":[{\"@type\":\"SearchAction\",\"target\":{\"@type\":\"EntryPoint\",\"urlTemplate\":\"https:\/\/newsreports.com\/pt-br\/?s={search_term_string}\"},\"query-input\":\"required name=search_term_string\"}],\"inLanguage\":\"pt-BR\"},{\"@type\":\"WebPage\",\"@id\":\"https:\/\/newsreports.com\/pt-br\/termos-de-servico\/#webpage\",\"url\":\"https:\/\/newsreports.com\/pt-br\/termos-de-servico\/\",\"name\":\"Termos de servi\u00e7o\",\"isPartOf\":{\"@id\":\"https:\/\/newsreports.com\/pt-br\/#website\"},\"datePublished\":\"2016-11-17T09:27:46+00:00\",\"dateModified\":\"2016-11-17T09:27:46+00:00\",\"description\":\"Esta \u00e9 a p\u00e1gina de termos de servi\u00e7o do NewsReports. Ela discute as condi\u00e7\u00f5es de cada usu\u00e1rio que utiliza o site do NewsReports.\",\"breadcrumb\":{\"@id\":\"https:\/\/newsreports.com\/pt-br\/termos-de-servico\/#breadcrumb\"},\"inLanguage\":\"pt-BR\",\"potentialAction\":[{\"@type\":\"ReadAction\",\"target\":[\"https:\/\/newsreports.com\/pt-br\/termos-de-servico\/\"]}]},{\"@type\":\"BreadcrumbList\",\"@id\":\"https:\/\/newsreports.com\/pt-br\/termos-de-servico\/#breadcrumb\",\"itemListElement\":[{\"@type\":\"ListItem\",\"position\":1,\"name\":\"Home\",\"item\":\"https:\/\/newsreports.com\/pt-br\/inicio\/\"},{\"@type\":\"ListItem\",\"position\":2,\"name\":\"Termos de servi\u00e7o\"}]}]}<\/script>\n<!-- \/ Yoast SEO plugin. -->","yoast_head_json":{"title":"Termos de servi\u00e7o","description":"Esta \u00e9 a p\u00e1gina de termos de servi\u00e7o do NewsReports. Ela discute as condi\u00e7\u00f5es de cada usu\u00e1rio que utiliza o site do NewsReports.","robots":{"index":"index","follow":"follow","max-snippet":"max-snippet:-1","max-image-preview":"max-image-preview:large","max-video-preview":"max-video-preview:-1"},"canonical":"https:\/\/newsreports.com\/pt-br\/termos-de-servico\/","og_locale":"pt_BR","og_type":"article","og_title":"Termos de servi\u00e7o","og_description":"Esta \u00e9 a p\u00e1gina de termos de servi\u00e7o do NewsReports. Ela discute as condi\u00e7\u00f5es de cada usu\u00e1rio que utiliza o site do NewsReports.","og_url":"https:\/\/newsreports.com\/pt-br\/termos-de-servico\/","og_site_name":"NewsReports","twitter_card":"summary_large_image","twitter_misc":{"Est. tempo de leitura":"10 minutos"},"schema":{"@context":"https:\/\/schema.org","@graph":[{"@type":"WebSite","@id":"https:\/\/newsreports.com\/pt-br\/#website","url":"https:\/\/newsreports.com\/pt-br\/","name":"NewsReports","description":"- Apps News, Trends, and More","potentialAction":[{"@type":"SearchAction","target":{"@type":"EntryPoint","urlTemplate":"https:\/\/newsreports.com\/pt-br\/?s={search_term_string}"},"query-input":"required name=search_term_string"}],"inLanguage":"pt-BR"},{"@type":"WebPage","@id":"https:\/\/newsreports.com\/pt-br\/termos-de-servico\/#webpage","url":"https:\/\/newsreports.com\/pt-br\/termos-de-servico\/","name":"Termos de servi\u00e7o","isPartOf":{"@id":"https:\/\/newsreports.com\/pt-br\/#website"},"datePublished":"2016-11-17T09:27:46+00:00","dateModified":"2016-11-17T09:27:46+00:00","description":"Esta \u00e9 a p\u00e1gina de termos de servi\u00e7o do NewsReports. Ela discute as condi\u00e7\u00f5es de cada usu\u00e1rio que utiliza o site do NewsReports.","breadcrumb":{"@id":"https:\/\/newsreports.com\/pt-br\/termos-de-servico\/#breadcrumb"},"inLanguage":"pt-BR","potentialAction":[{"@type":"ReadAction","target":["https:\/\/newsreports.com\/pt-br\/termos-de-servico\/"]}]},{"@type":"BreadcrumbList","@id":"https:\/\/newsreports.com\/pt-br\/termos-de-servico\/#breadcrumb","itemListElement":[{"@type":"ListItem","position":1,"name":"Home","item":"https:\/\/newsreports.com\/pt-br\/inicio\/"},{"@type":"ListItem","position":2,"name":"Termos de servi\u00e7o"}]}]}},"_links":{"self":[{"href":"https:\/\/newsreports.com\/pt-br\/wp-json\/wp\/v2\/pages\/141947","targetHints":{"allow":["GET"]}}],"collection":[{"href":"https:\/\/newsreports.com\/pt-br\/wp-json\/wp\/v2\/pages"}],"about":[{"href":"https:\/\/newsreports.com\/pt-br\/wp-json\/wp\/v2\/types\/page"}],"author":[{"embeddable":true,"href":"https:\/\/newsreports.com\/pt-br\/wp-json\/wp\/v2\/users\/15865"}],"replies":[{"embeddable":true,"href":"https:\/\/newsreports.com\/pt-br\/wp-json\/wp\/v2\/comments?post=141947"}],"version-history":[{"count":0,"href":"https:\/\/newsreports.com\/pt-br\/wp-json\/wp\/v2\/pages\/141947\/revisions"}],"wp:attachment":[{"href":"https:\/\/newsreports.com\/pt-br\/wp-json\/wp\/v2\/media?parent=141947"}],"curies":[{"name":"wp","href":"https:\/\/api.w.org\/{rel}","templated":true}]}}