{"id":141946,"date":"2020-10-22T13:40:34","date_gmt":"2020-10-22T06:40:34","guid":{"rendered":"https:\/\/newsreports.com\/colaboradores\/"},"modified":"2020-10-22T13:40:34","modified_gmt":"2020-10-22T06:40:34","slug":"colaboradores","status":"publish","type":"page","link":"https:\/\/newsreports.com\/pt-br\/colaboradores\/","title":{"rendered":"Colaboradores"},"content":{"rendered":"<h1><span style=\"font-weight: 400;\">Voc\u00ea gostaria de contribuir com o News Reports?<\/span><\/h1>\n<p><span style=\"font-weight: 400;\">Boas not\u00edcias, autores talentosos! O News Reports aceita artigos de convidados. No entanto, voc\u00ea deve estar ciente de que estamos atentos \u00e0 qualidade e somos muito seletivos em rela\u00e7\u00e3o ao que decidimos publicar. Estamos procurando por     <\/span><b>conte\u00fado novo e totalmente original<\/b><span style=\"font-weight: 400;\"> que realmente tenha algo significativo a dizer aos nossos leitores.<\/span> <span style=\"font-weight: 400;\">Sua melhor aposta \u00e9 oferecer <\/span><b>insights de especialistas<\/b><\/p>\n<p><span style=\"font-weight: 400;\">  Voc\u00ea deve analisar estudos, estat\u00edsticas, eventos noticiosos, tend\u00eancias econ\u00f4micas ou outros dados emp\u00edricos publicados recentemente. Sua opini\u00e3o deve ajudar nossos leitores n\u00e3o especialistas a interpretar e discernir. N\u00e3o envie promo\u00e7\u00f5es mal disfar\u00e7adas de seus produtos ou servi\u00e7os.    <\/span><b>Acreditamos que a sua experi\u00eancia \u00e9 provavelmente a sua melhor ferramenta de marketing.<\/b><\/p>\n<p><span style=\"font-weight: 400;\">Os escritores convidados podem publicar quantos artigos desejarem. Se voc\u00ea decidir   <\/span><span style=\"font-weight: 400;\">voc\u00ea se tornar um colaborador regular<\/span><span style=\"font-weight: 400;\">pediremos que voc\u00ea se comprometa com um hor\u00e1rio regular, um prazo e tenha um hist\u00f3rico comprovado de pontualidade antes de receber esse honor\u00edfico espec\u00edfico.<\/span> <b>Siga todas as instru\u00e7\u00f5es abaixo e em nosso <\/b><b>formul\u00e1rio on-line<\/b><b> para enviar um artigo para considera\u00e7\u00e3o.<\/b><\/p>\n<p><span style=\"font-weight: 400;\">  Nossa equipe editorial analisa cada artigo enviado. O tempo de resposta padr\u00e3o para notifica\u00e7\u00e3o \u00e9 de duas a seis semanas, dependendo do tamanho da nossa fila de redatores. Aguarde pelo menos algumas semanas antes de entrar em contato conosco.  <\/span><\/p>\n<h2><span style=\"font-weight: 400;\">Etapa 1: Escreva e envie algo surpreendente e alucinante.<\/span><\/h2>\n<h3><span style=\"font-weight: 400;\">Por favor <\/span><b>DO:<\/b><\/h3>\n<ul>\n<li style=\"font-weight: 400;\" aria-level=\"1\"><b>Aborde um (1) t\u00f3pico principal em seu artigo.<\/b><span style=\"font-weight: 400;\">  Mais importante ainda, forne\u00e7a conclus\u00f5es espec\u00edficas que sejam \u00fateis e pr\u00e1ticas.<\/span><\/li>\n<li style=\"font-weight: 400;\" aria-level=\"1\"><b>Mantenha sua contagem de palavras dentro do intervalo de 1.000 a 1.500 palavras<\/b><span style=\"font-weight: 400;\">excluindo o(s) t\u00edtulo(s) sugerido(s) e as legendas.<\/span><\/li>\n<li style=\"font-weight: 400;\" aria-level=\"1\"><b>Envie apenas a vers\u00e3o final do artigo.<\/b><span style=\"font-weight: 400;\">  N\u00e3o rastreamos vers\u00f5es nem permitimos edi\u00e7\u00f5es nos documentos depois que eles s\u00e3o carregados.<\/span><\/li>\n<li style=\"font-weight: 400;\" aria-level=\"1\"><b>Observe seus links.<\/b><span style=\"font-weight: 400;\">  Mantenha-os em um n\u00edvel m\u00ednimo. Use apenas links para evid\u00eancias de apoio, dados e estat\u00edsticas que reforcem seu ponto principal. Reservamo-nos o direito de remover todos os links que considerarmos de natureza excessivamente promocional.  <\/span><\/li>\n<li style=\"font-weight: 400;\" aria-level=\"1\"><b>Sorria para a c\u00e2mera.<\/b><span style=\"font-weight: 400;\">  Anexe uma foto de rosto adequada de 200&#215;200 quadrados.<\/span><\/li>\n<li style=\"font-weight: 400;\" aria-level=\"1\"><b>Apresente-se aos nossos leitores.<\/b><span style=\"font-weight: 400;\">  Forne\u00e7a uma biografia do autor com 100 a 150 palavras. Os links que aparecem nas biografias ser\u00e3o removidos. <\/span><\/li>\n<\/ul>\n<h3><span style=\"font-weight: 400;\">Por favor <\/span><b>N\u00c3O O FA\u00c7A:<\/b><\/h3>\n<ul>\n<li style=\"font-weight: 400;\" aria-level=\"1\"><b>Plagiar.<\/b><span style=\"font-weight: 400;\">  Nem mesmo um pouco.  <\/span><\/li>\n<li style=\"font-weight: 400;\" aria-level=\"1\"><span style=\"font-weight: 400;\">Envie o mesmo artigo mais de uma vez.<\/span><\/li>\n<li style=\"font-weight: 400;\" aria-level=\"1\"><span style=\"font-weight: 400;\">Envie artigos como anexos de e-mails.<\/span><\/li>\n<li style=\"font-weight: 400;\" aria-level=\"1\"><span style=\"font-weight: 400;\">Inclua imagens em seu documento que n\u00e3o perten\u00e7am a voc\u00ea ou que sejam de dom\u00ednio p\u00fablico.<\/span><\/li>\n<li style=\"font-weight: 400;\" aria-level=\"1\"><span style=\"font-weight: 400;\">Entre em contato conosco ap\u00f3s a publica\u00e7\u00e3o solicitando edi\u00e7\u00f5es de texto ou a inclus\u00e3o de links.<\/span><\/li>\n<\/ul>\n<h2><span style=\"font-weight: 400;\">Etapa 2: aproveite sua fama rec\u00e9m-descoberta ou muito maior.<\/span><\/h2>\n<p><span style=\"font-weight: 400;\">Esperamos que voc\u00ea crie um link para o(s) seu(s) artigo(s) do News Reports no LinkedIn e em outras plataformas de m\u00eddia social. De nossa parte, faremos tudo o que pudermos para garantir que sua experi\u00eancia seja altamente vis\u00edvel para o p\u00fablico interessado. <\/span><\/p>\n<h3><a href=\"https:\/\/form.jotform.com\/211294558851159\" target=\"_blank\" rel=\"noopener\">Envie seu rascunho aqui!<\/a><\/h3>\n","protected":false},"excerpt":{"rendered":"<p>Voc\u00ea gostaria de contribuir com o News Reports? Boas not\u00edcias, autores talentosos! O News Reports aceita artigos de convidados. No entanto, voc\u00ea deve estar ciente de que estamos atentos \u00e0 qualidade e somos muito seletivos em rela\u00e7\u00e3o ao que decidimos publicar. Estamos procurando por conte\u00fado novo e totalmente original que realmente tenha algo significativo a [&hellip;]<\/p>\n","protected":false},"author":15906,"featured_media":0,"parent":0,"menu_order":0,"comment_status":"closed","ping_status":"closed","template":"","meta":{"_acf_changed":false,"inline_featured_image":false,"footnotes":""},"class_list":["post-141946","page","type-page","status-publish","hentry"],"acf":[],"yoast_head":"<!-- This site is optimized with the Yoast SEO plugin v18.8 - https:\/\/yoast.com\/wordpress\/plugins\/seo\/ -->\n<title>Colaboradores<\/title>\n<meta name=\"description\" content=\"Saiba como contribuir com o NewsReports em nossa p\u00e1gina de colaboradores. Voc\u00ea encontrar\u00e1 diretrizes e muito mais para poss\u00edveis contribui\u00e7\u00f5es.\" \/>\n<meta name=\"robots\" content=\"index, follow, max-snippet:-1, max-image-preview:large, max-video-preview:-1\" \/>\n<link rel=\"canonical\" href=\"https:\/\/newsreports.com\/pt-br\/colaboradores\/\" \/>\n<meta property=\"og:locale\" content=\"pt_BR\" \/>\n<meta property=\"og:type\" content=\"article\" \/>\n<meta property=\"og:title\" content=\"Colaboradores\" \/>\n<meta property=\"og:description\" content=\"Saiba como contribuir com o NewsReports em nossa p\u00e1gina de colaboradores. Voc\u00ea encontrar\u00e1 diretrizes e muito mais para poss\u00edveis contribui\u00e7\u00f5es.\" \/>\n<meta property=\"og:url\" content=\"https:\/\/newsreports.com\/pt-br\/colaboradores\/\" \/>\n<meta property=\"og:site_name\" content=\"NewsReports\" \/>\n<meta name=\"twitter:card\" content=\"summary_large_image\" \/>\n<meta name=\"twitter:label1\" content=\"Est. tempo de leitura\" \/>\n\t<meta name=\"twitter:data1\" content=\"3 minutos\" \/>\n<script type=\"application\/ld+json\" class=\"yoast-schema-graph\">{\"@context\":\"https:\/\/schema.org\",\"@graph\":[{\"@type\":\"WebSite\",\"@id\":\"https:\/\/newsreports.com\/pt-br\/#website\",\"url\":\"https:\/\/newsreports.com\/pt-br\/\",\"name\":\"NewsReports\",\"description\":\"- Apps News, Trends, and More\",\"potentialAction\":[{\"@type\":\"SearchAction\",\"target\":{\"@type\":\"EntryPoint\",\"urlTemplate\":\"https:\/\/newsreports.com\/pt-br\/?s={search_term_string}\"},\"query-input\":\"required name=search_term_string\"}],\"inLanguage\":\"pt-BR\"},{\"@type\":\"WebPage\",\"@id\":\"https:\/\/newsreports.com\/pt-br\/colaboradores\/#webpage\",\"url\":\"https:\/\/newsreports.com\/pt-br\/colaboradores\/\",\"name\":\"Colaboradores\",\"isPartOf\":{\"@id\":\"https:\/\/newsreports.com\/pt-br\/#website\"},\"datePublished\":\"2020-10-22T06:40:34+00:00\",\"dateModified\":\"2020-10-22T06:40:34+00:00\",\"description\":\"Saiba como contribuir com o NewsReports em nossa p\u00e1gina de colaboradores. Voc\u00ea encontrar\u00e1 diretrizes e muito mais para poss\u00edveis contribui\u00e7\u00f5es.\",\"breadcrumb\":{\"@id\":\"https:\/\/newsreports.com\/pt-br\/colaboradores\/#breadcrumb\"},\"inLanguage\":\"pt-BR\",\"potentialAction\":[{\"@type\":\"ReadAction\",\"target\":[\"https:\/\/newsreports.com\/pt-br\/colaboradores\/\"]}]},{\"@type\":\"BreadcrumbList\",\"@id\":\"https:\/\/newsreports.com\/pt-br\/colaboradores\/#breadcrumb\",\"itemListElement\":[{\"@type\":\"ListItem\",\"position\":1,\"name\":\"Home\",\"item\":\"https:\/\/newsreports.com\/pt-br\/inicio\/\"},{\"@type\":\"ListItem\",\"position\":2,\"name\":\"Colaboradores\"}]}]}<\/script>\n<!-- \/ Yoast SEO plugin. -->","yoast_head_json":{"title":"Colaboradores","description":"Saiba como contribuir com o NewsReports em nossa p\u00e1gina de colaboradores. Voc\u00ea encontrar\u00e1 diretrizes e muito mais para poss\u00edveis contribui\u00e7\u00f5es.","robots":{"index":"index","follow":"follow","max-snippet":"max-snippet:-1","max-image-preview":"max-image-preview:large","max-video-preview":"max-video-preview:-1"},"canonical":"https:\/\/newsreports.com\/pt-br\/colaboradores\/","og_locale":"pt_BR","og_type":"article","og_title":"Colaboradores","og_description":"Saiba como contribuir com o NewsReports em nossa p\u00e1gina de colaboradores. Voc\u00ea encontrar\u00e1 diretrizes e muito mais para poss\u00edveis contribui\u00e7\u00f5es.","og_url":"https:\/\/newsreports.com\/pt-br\/colaboradores\/","og_site_name":"NewsReports","twitter_card":"summary_large_image","twitter_misc":{"Est. tempo de leitura":"3 minutos"},"schema":{"@context":"https:\/\/schema.org","@graph":[{"@type":"WebSite","@id":"https:\/\/newsreports.com\/pt-br\/#website","url":"https:\/\/newsreports.com\/pt-br\/","name":"NewsReports","description":"- Apps News, Trends, and More","potentialAction":[{"@type":"SearchAction","target":{"@type":"EntryPoint","urlTemplate":"https:\/\/newsreports.com\/pt-br\/?s={search_term_string}"},"query-input":"required name=search_term_string"}],"inLanguage":"pt-BR"},{"@type":"WebPage","@id":"https:\/\/newsreports.com\/pt-br\/colaboradores\/#webpage","url":"https:\/\/newsreports.com\/pt-br\/colaboradores\/","name":"Colaboradores","isPartOf":{"@id":"https:\/\/newsreports.com\/pt-br\/#website"},"datePublished":"2020-10-22T06:40:34+00:00","dateModified":"2020-10-22T06:40:34+00:00","description":"Saiba como contribuir com o NewsReports em nossa p\u00e1gina de colaboradores. Voc\u00ea encontrar\u00e1 diretrizes e muito mais para poss\u00edveis contribui\u00e7\u00f5es.","breadcrumb":{"@id":"https:\/\/newsreports.com\/pt-br\/colaboradores\/#breadcrumb"},"inLanguage":"pt-BR","potentialAction":[{"@type":"ReadAction","target":["https:\/\/newsreports.com\/pt-br\/colaboradores\/"]}]},{"@type":"BreadcrumbList","@id":"https:\/\/newsreports.com\/pt-br\/colaboradores\/#breadcrumb","itemListElement":[{"@type":"ListItem","position":1,"name":"Home","item":"https:\/\/newsreports.com\/pt-br\/inicio\/"},{"@type":"ListItem","position":2,"name":"Colaboradores"}]}]}},"_links":{"self":[{"href":"https:\/\/newsreports.com\/pt-br\/wp-json\/wp\/v2\/pages\/141946","targetHints":{"allow":["GET"]}}],"collection":[{"href":"https:\/\/newsreports.com\/pt-br\/wp-json\/wp\/v2\/pages"}],"about":[{"href":"https:\/\/newsreports.com\/pt-br\/wp-json\/wp\/v2\/types\/page"}],"author":[{"embeddable":true,"href":"https:\/\/newsreports.com\/pt-br\/wp-json\/wp\/v2\/users\/15906"}],"replies":[{"embeddable":true,"href":"https:\/\/newsreports.com\/pt-br\/wp-json\/wp\/v2\/comments?post=141946"}],"version-history":[{"count":0,"href":"https:\/\/newsreports.com\/pt-br\/wp-json\/wp\/v2\/pages\/141946\/revisions"}],"wp:attachment":[{"href":"https:\/\/newsreports.com\/pt-br\/wp-json\/wp\/v2\/media?parent=141946"}],"curies":[{"name":"wp","href":"https:\/\/api.w.org\/{rel}","templated":true}]}}