{"id":141941,"date":"2017-03-19T11:19:27","date_gmt":"2017-03-19T04:19:27","guid":{"rendered":"https:\/\/newsreports.com\/sobre-nos\/"},"modified":"2017-03-19T11:19:27","modified_gmt":"2017-03-19T04:19:27","slug":"sobre-nos","status":"publish","type":"page","link":"https:\/\/newsreports.com\/pt-br\/sobre-nos\/","title":{"rendered":"Sobre n\u00f3s"},"content":{"rendered":"<p><span style=\"font-weight: 400;\">NewsReports \u00e9 um site de not\u00edcias e informa\u00e7\u00f5es gerais. Cobrimos todos os t\u00f3picos com \u00eanfase em tecnologia, sa\u00fade e estilo de vida.  <\/span><\/p>\n<p><span style=\"font-weight: 400;\">Sentimos alegria e entusiasmo ao relatar novas tend\u00eancias, percep\u00e7\u00f5es ou inova\u00e7\u00f5es que consideramos &#8220;dignas de not\u00edcia&#8221;.<\/span><\/p>\n<h2>Nossa equipe e hist\u00f3ria<\/h2>\n<p><span style=\"font-weight: 400;\">A equipe editorial do NewsReports dedica-se a encontrar e publicar itens de interesse que beneficiem nossos leitores, sejam dicas para a vida pessoal ou dicas que possam ajudar as empresas a crescer.<\/span><\/p>\n<p><span style=\"font-weight: 400;\">Esta publica\u00e7\u00e3o somente on-line come\u00e7ou como um humilde site dedicado a examinar os (literalmente) milh\u00f5es de aplicativos atualmente dispon\u00edveis na Apple Store ou no Google Play, fazendo o poss\u00edvel para orientar nossos leitores para a subst\u00e2ncia em vez do hype.<\/span><\/p>\n<p><span style=\"font-weight: 400;\">Desde ent\u00e3o, expandimos nossa cobertura para v\u00e1rias \u00e1reas que tamb\u00e9m ajudam os leitores a modificar seu estilo de vida cotidiano para se tornarem mais produtivos, aprenderem a relaxar, prosperarem em uma cultura cada vez mais on-line ou o que quer que seja.<\/span><\/p>\n<h3>Contato da equipe<\/h3>\n<p>Editor-chefe: sofia@newsreports.com<\/p>\n","protected":false},"excerpt":{"rendered":"<p>NewsReports \u00e9 um site de not\u00edcias e informa\u00e7\u00f5es gerais. Cobrimos todos os t\u00f3picos com \u00eanfase em tecnologia, sa\u00fade e estilo de vida. Sentimos alegria e entusiasmo ao relatar novas tend\u00eancias, percep\u00e7\u00f5es ou inova\u00e7\u00f5es que consideramos &#8220;dignas de not\u00edcia&#8221;. Nossa equipe e hist\u00f3ria A equipe editorial do NewsReports dedica-se a encontrar e publicar itens de interesse [&hellip;]<\/p>\n","protected":false},"author":15865,"featured_media":0,"parent":0,"menu_order":0,"comment_status":"closed","ping_status":"closed","template":"","meta":{"_acf_changed":false,"inline_featured_image":false,"footnotes":""},"class_list":["post-141941","page","type-page","status-publish","hentry"],"acf":[],"yoast_head":"<!-- This site is optimized with the Yoast SEO plugin v18.8 - https:\/\/yoast.com\/wordpress\/plugins\/seo\/ -->\n<title>Sobre n\u00f3s<\/title>\n<meta name=\"description\" content=\"A equipe editorial do NewsReports dedica-se a encontrar e publicar itens de interesse que beneficiem nossos leitores.\" \/>\n<meta name=\"robots\" content=\"index, follow, max-snippet:-1, max-image-preview:large, max-video-preview:-1\" \/>\n<link rel=\"canonical\" href=\"https:\/\/newsreports.com\/pt-br\/sobre-nos\/\" \/>\n<meta property=\"og:locale\" content=\"pt_BR\" \/>\n<meta property=\"og:type\" content=\"article\" \/>\n<meta property=\"og:title\" content=\"Sobre n\u00f3s\" \/>\n<meta property=\"og:description\" content=\"A equipe editorial do NewsReports dedica-se a encontrar e publicar itens de interesse que beneficiem nossos leitores.\" \/>\n<meta property=\"og:url\" content=\"https:\/\/newsreports.com\/pt-br\/sobre-nos\/\" \/>\n<meta property=\"og:site_name\" content=\"NewsReports\" \/>\n<meta name=\"twitter:card\" content=\"summary_large_image\" \/>\n<meta name=\"twitter:label1\" content=\"Est. tempo de leitura\" \/>\n\t<meta name=\"twitter:data1\" content=\"1 minuto\" \/>\n<script type=\"application\/ld+json\" class=\"yoast-schema-graph\">{\"@context\":\"https:\/\/schema.org\",\"@graph\":[{\"@type\":\"WebSite\",\"@id\":\"https:\/\/newsreports.com\/pt-br\/#website\",\"url\":\"https:\/\/newsreports.com\/pt-br\/\",\"name\":\"NewsReports\",\"description\":\"- Apps News, Trends, and More\",\"potentialAction\":[{\"@type\":\"SearchAction\",\"target\":{\"@type\":\"EntryPoint\",\"urlTemplate\":\"https:\/\/newsreports.com\/pt-br\/?s={search_term_string}\"},\"query-input\":\"required name=search_term_string\"}],\"inLanguage\":\"pt-BR\"},{\"@type\":\"WebPage\",\"@id\":\"https:\/\/newsreports.com\/pt-br\/sobre-nos\/#webpage\",\"url\":\"https:\/\/newsreports.com\/pt-br\/sobre-nos\/\",\"name\":\"Sobre n\u00f3s\",\"isPartOf\":{\"@id\":\"https:\/\/newsreports.com\/pt-br\/#website\"},\"datePublished\":\"2017-03-19T04:19:27+00:00\",\"dateModified\":\"2017-03-19T04:19:27+00:00\",\"description\":\"A equipe editorial do NewsReports dedica-se a encontrar e publicar itens de interesse que beneficiem nossos leitores.\",\"breadcrumb\":{\"@id\":\"https:\/\/newsreports.com\/pt-br\/sobre-nos\/#breadcrumb\"},\"inLanguage\":\"pt-BR\",\"potentialAction\":[{\"@type\":\"ReadAction\",\"target\":[\"https:\/\/newsreports.com\/pt-br\/sobre-nos\/\"]}]},{\"@type\":\"BreadcrumbList\",\"@id\":\"https:\/\/newsreports.com\/pt-br\/sobre-nos\/#breadcrumb\",\"itemListElement\":[{\"@type\":\"ListItem\",\"position\":1,\"name\":\"Home\",\"item\":\"https:\/\/newsreports.com\/pt-br\/inicio\/\"},{\"@type\":\"ListItem\",\"position\":2,\"name\":\"Sobre n\u00f3s\"}]}]}<\/script>\n<!-- \/ Yoast SEO plugin. -->","yoast_head_json":{"title":"Sobre n\u00f3s","description":"A equipe editorial do NewsReports dedica-se a encontrar e publicar itens de interesse que beneficiem nossos leitores.","robots":{"index":"index","follow":"follow","max-snippet":"max-snippet:-1","max-image-preview":"max-image-preview:large","max-video-preview":"max-video-preview:-1"},"canonical":"https:\/\/newsreports.com\/pt-br\/sobre-nos\/","og_locale":"pt_BR","og_type":"article","og_title":"Sobre n\u00f3s","og_description":"A equipe editorial do NewsReports dedica-se a encontrar e publicar itens de interesse que beneficiem nossos leitores.","og_url":"https:\/\/newsreports.com\/pt-br\/sobre-nos\/","og_site_name":"NewsReports","twitter_card":"summary_large_image","twitter_misc":{"Est. tempo de leitura":"1 minuto"},"schema":{"@context":"https:\/\/schema.org","@graph":[{"@type":"WebSite","@id":"https:\/\/newsreports.com\/pt-br\/#website","url":"https:\/\/newsreports.com\/pt-br\/","name":"NewsReports","description":"- Apps News, Trends, and More","potentialAction":[{"@type":"SearchAction","target":{"@type":"EntryPoint","urlTemplate":"https:\/\/newsreports.com\/pt-br\/?s={search_term_string}"},"query-input":"required name=search_term_string"}],"inLanguage":"pt-BR"},{"@type":"WebPage","@id":"https:\/\/newsreports.com\/pt-br\/sobre-nos\/#webpage","url":"https:\/\/newsreports.com\/pt-br\/sobre-nos\/","name":"Sobre n\u00f3s","isPartOf":{"@id":"https:\/\/newsreports.com\/pt-br\/#website"},"datePublished":"2017-03-19T04:19:27+00:00","dateModified":"2017-03-19T04:19:27+00:00","description":"A equipe editorial do NewsReports dedica-se a encontrar e publicar itens de interesse que beneficiem nossos leitores.","breadcrumb":{"@id":"https:\/\/newsreports.com\/pt-br\/sobre-nos\/#breadcrumb"},"inLanguage":"pt-BR","potentialAction":[{"@type":"ReadAction","target":["https:\/\/newsreports.com\/pt-br\/sobre-nos\/"]}]},{"@type":"BreadcrumbList","@id":"https:\/\/newsreports.com\/pt-br\/sobre-nos\/#breadcrumb","itemListElement":[{"@type":"ListItem","position":1,"name":"Home","item":"https:\/\/newsreports.com\/pt-br\/inicio\/"},{"@type":"ListItem","position":2,"name":"Sobre n\u00f3s"}]}]}},"_links":{"self":[{"href":"https:\/\/newsreports.com\/pt-br\/wp-json\/wp\/v2\/pages\/141941","targetHints":{"allow":["GET"]}}],"collection":[{"href":"https:\/\/newsreports.com\/pt-br\/wp-json\/wp\/v2\/pages"}],"about":[{"href":"https:\/\/newsreports.com\/pt-br\/wp-json\/wp\/v2\/types\/page"}],"author":[{"embeddable":true,"href":"https:\/\/newsreports.com\/pt-br\/wp-json\/wp\/v2\/users\/15865"}],"replies":[{"embeddable":true,"href":"https:\/\/newsreports.com\/pt-br\/wp-json\/wp\/v2\/comments?post=141941"}],"version-history":[{"count":0,"href":"https:\/\/newsreports.com\/pt-br\/wp-json\/wp\/v2\/pages\/141941\/revisions"}],"wp:attachment":[{"href":"https:\/\/newsreports.com\/pt-br\/wp-json\/wp\/v2\/media?parent=141941"}],"curies":[{"name":"wp","href":"https:\/\/api.w.org\/{rel}","templated":true}]}}