{"id":141938,"date":"2014-06-02T13:53:23","date_gmt":"2014-06-02T06:53:23","guid":{"rendered":"https:\/\/newsreports.com\/promover-seu-aplicativo-ou-software\/"},"modified":"2014-06-02T13:53:23","modified_gmt":"2014-06-02T06:53:23","slug":"promover-seu-aplicativo-ou-software","status":"publish","type":"page","link":"https:\/\/newsreports.com\/pt-br\/promover-seu-aplicativo-ou-software\/","title":{"rendered":"Promover seu aplicativo ou software"},"content":{"rendered":"<h2>Fa\u00e7a com que seu aplicativo ou software seja apresentado pelo NewsReports<\/h2>\n<p>O NewsReports \u00e9 a op\u00e7\u00e3o de coloca\u00e7\u00e3o perfeita para voc\u00ea:<\/p>\n<ol>\n<li>se voc\u00ea quiser um recurso do seu software ou aplicativo<\/li>\n<li>voc\u00ea deseja aumentar a popularidade do seu aplicativo<\/li>\n<li>desenvolver credibilidade aos olhos do p\u00fablico<\/li>\n<\/ol>\n<p>&nbsp;<\/p>\n<p>A equipe do NewsReports tornou f\u00e1cil falar sobre seu aplicativo ou software. Basta preencher dois formul\u00e1rios e envi\u00e1-los com uma taxa editorial final! (A taxa editorial nos ajuda a cobrir as despesas da equipe para manter esse processo de recursos em funcionamento). O processo de envio \u00e9 semelhante ao popular jogo &#8220;Mad Libs!&#8221;. Preencha os espa\u00e7os em branco e explique a hist\u00f3ria do seu aplicativo ou software. Al\u00e9m disso, ao enviar, certifique-se de adicionar um logotipo de alta qualidade do seu software ou aplicativo. Um \u00f3timo logotipo pode ajudar muito! O formul\u00e1rio ter\u00e1 uma se\u00e7\u00e3o para enviar o logotipo. Depois de receb\u00ea-lo, a equipe editorial do NewsReport usar\u00e1 o envio do &#8216;Mad Libs&#8217; para criar o recurso final publicado!  <\/p>\n<p><strong>Para come\u00e7ar, envie seu aplicativo ou software <a href=\"https:\/\/form.jotform.com\/223176516532151\" target=\"_blank\" rel=\"noopener\">aqui!<\/a> <\/strong><\/p>\n<h2>Tenha em mente que<\/h2>\n<p>O NewsReports exerce liberdade editorial, portanto, a publica\u00e7\u00e3o s\u00f3 apresenta aplicativos ou softwares que sejam valiosos e de potencial interesse para o p\u00fablico e os leitores do NewsReports. A equipe do NewsReports geralmente s\u00f3 exerce essa liberdade em cen\u00e1rios ou situa\u00e7\u00f5es \u00fanicas. Como regra geral, o NewsReports s\u00f3 aceita aplicativos ou softwares de alta qualidade para manter nossa reputa\u00e7\u00e3o. Portanto, se o seu aplicativo ou software n\u00e3o atender ao nosso padr\u00e3o, a publica\u00e7\u00e3o <strong>N\u00c3O<\/strong> o apresentar\u00e1 no NewsReports. Normalmente, os softwares e aplicativos enviados t\u00eam pelo menos 500 usu\u00e1rios ou mais. Antes de fazer um pedido, verifique os requisitos editoriais: <\/p>\n<ol>\n<li>N\u00e3o s\u00e3o aceitos aplicativos de jogos de azar, adultos e forex<\/li>\n<li>A classifica\u00e7\u00e3o m\u00e9dia m\u00ednima do aplicativo ou software \u00e9 de 3,5<\/li>\n<li>Para aplicativos, aceitamos apenas aqueles que est\u00e3o dispon\u00edveis para download na Play Store e\/ou na App Store<\/li>\n<\/ol>\n","protected":false},"excerpt":{"rendered":"<p>Fa\u00e7a com que seu aplicativo ou software seja apresentado pelo NewsReports O NewsReports \u00e9 a op\u00e7\u00e3o de coloca\u00e7\u00e3o perfeita para voc\u00ea: se voc\u00ea quiser um recurso do seu software ou aplicativo voc\u00ea deseja aumentar a popularidade do seu aplicativo desenvolver credibilidade aos olhos do p\u00fablico &nbsp; A equipe do NewsReports tornou f\u00e1cil falar sobre seu [&hellip;]<\/p>\n","protected":false},"author":15872,"featured_media":0,"parent":0,"menu_order":0,"comment_status":"closed","ping_status":"closed","template":"","meta":{"_acf_changed":false,"inline_featured_image":false,"footnotes":""},"class_list":["post-141938","page","type-page","status-publish","hentry"],"acf":[],"yoast_head":"<!-- This site is optimized with the Yoast SEO plugin v18.8 - https:\/\/yoast.com\/wordpress\/plugins\/seo\/ -->\n<title>Promover seu aplicativo ou software<\/title>\n<meta name=\"description\" content=\"Exercemos nossa liberdade editorial, portanto, apresentamos os aplicativos ou softwares que consideramos valiosos e de potencial interesse para nossos leitores.\" \/>\n<meta name=\"robots\" content=\"index, follow, max-snippet:-1, max-image-preview:large, max-video-preview:-1\" \/>\n<link rel=\"canonical\" href=\"https:\/\/newsreports.com\/pt-br\/promover-seu-aplicativo-ou-software\/\" \/>\n<meta property=\"og:locale\" content=\"pt_BR\" \/>\n<meta property=\"og:type\" content=\"article\" \/>\n<meta property=\"og:title\" content=\"Promover seu aplicativo ou software\" \/>\n<meta property=\"og:description\" content=\"Exercemos nossa liberdade editorial, portanto, apresentamos os aplicativos ou softwares que consideramos valiosos e de potencial interesse para nossos leitores.\" \/>\n<meta property=\"og:url\" content=\"https:\/\/newsreports.com\/pt-br\/promover-seu-aplicativo-ou-software\/\" \/>\n<meta property=\"og:site_name\" content=\"NewsReports\" \/>\n<meta name=\"twitter:card\" content=\"summary_large_image\" \/>\n<meta name=\"twitter:label1\" content=\"Est. tempo de leitura\" \/>\n\t<meta name=\"twitter:data1\" content=\"2 minutos\" \/>\n<script type=\"application\/ld+json\" class=\"yoast-schema-graph\">{\"@context\":\"https:\/\/schema.org\",\"@graph\":[{\"@type\":\"WebSite\",\"@id\":\"https:\/\/newsreports.com\/pt-br\/#website\",\"url\":\"https:\/\/newsreports.com\/pt-br\/\",\"name\":\"NewsReports\",\"description\":\"- Apps News, Trends, and More\",\"potentialAction\":[{\"@type\":\"SearchAction\",\"target\":{\"@type\":\"EntryPoint\",\"urlTemplate\":\"https:\/\/newsreports.com\/pt-br\/?s={search_term_string}\"},\"query-input\":\"required name=search_term_string\"}],\"inLanguage\":\"pt-BR\"},{\"@type\":\"WebPage\",\"@id\":\"https:\/\/newsreports.com\/pt-br\/promover-seu-aplicativo-ou-software\/#webpage\",\"url\":\"https:\/\/newsreports.com\/pt-br\/promover-seu-aplicativo-ou-software\/\",\"name\":\"Promover seu aplicativo ou software\",\"isPartOf\":{\"@id\":\"https:\/\/newsreports.com\/pt-br\/#website\"},\"datePublished\":\"2014-06-02T06:53:23+00:00\",\"dateModified\":\"2014-06-02T06:53:23+00:00\",\"description\":\"Exercemos nossa liberdade editorial, portanto, apresentamos os aplicativos ou softwares que consideramos valiosos e de potencial interesse para nossos leitores.\",\"breadcrumb\":{\"@id\":\"https:\/\/newsreports.com\/pt-br\/promover-seu-aplicativo-ou-software\/#breadcrumb\"},\"inLanguage\":\"pt-BR\",\"potentialAction\":[{\"@type\":\"ReadAction\",\"target\":[\"https:\/\/newsreports.com\/pt-br\/promover-seu-aplicativo-ou-software\/\"]}]},{\"@type\":\"BreadcrumbList\",\"@id\":\"https:\/\/newsreports.com\/pt-br\/promover-seu-aplicativo-ou-software\/#breadcrumb\",\"itemListElement\":[{\"@type\":\"ListItem\",\"position\":1,\"name\":\"Home\",\"item\":\"https:\/\/newsreports.com\/pt-br\/inicio\/\"},{\"@type\":\"ListItem\",\"position\":2,\"name\":\"Promover seu aplicativo ou software\"}]}]}<\/script>\n<!-- \/ Yoast SEO plugin. -->","yoast_head_json":{"title":"Promover seu aplicativo ou software","description":"Exercemos nossa liberdade editorial, portanto, apresentamos os aplicativos ou softwares que consideramos valiosos e de potencial interesse para nossos leitores.","robots":{"index":"index","follow":"follow","max-snippet":"max-snippet:-1","max-image-preview":"max-image-preview:large","max-video-preview":"max-video-preview:-1"},"canonical":"https:\/\/newsreports.com\/pt-br\/promover-seu-aplicativo-ou-software\/","og_locale":"pt_BR","og_type":"article","og_title":"Promover seu aplicativo ou software","og_description":"Exercemos nossa liberdade editorial, portanto, apresentamos os aplicativos ou softwares que consideramos valiosos e de potencial interesse para nossos leitores.","og_url":"https:\/\/newsreports.com\/pt-br\/promover-seu-aplicativo-ou-software\/","og_site_name":"NewsReports","twitter_card":"summary_large_image","twitter_misc":{"Est. tempo de leitura":"2 minutos"},"schema":{"@context":"https:\/\/schema.org","@graph":[{"@type":"WebSite","@id":"https:\/\/newsreports.com\/pt-br\/#website","url":"https:\/\/newsreports.com\/pt-br\/","name":"NewsReports","description":"- Apps News, Trends, and More","potentialAction":[{"@type":"SearchAction","target":{"@type":"EntryPoint","urlTemplate":"https:\/\/newsreports.com\/pt-br\/?s={search_term_string}"},"query-input":"required name=search_term_string"}],"inLanguage":"pt-BR"},{"@type":"WebPage","@id":"https:\/\/newsreports.com\/pt-br\/promover-seu-aplicativo-ou-software\/#webpage","url":"https:\/\/newsreports.com\/pt-br\/promover-seu-aplicativo-ou-software\/","name":"Promover seu aplicativo ou software","isPartOf":{"@id":"https:\/\/newsreports.com\/pt-br\/#website"},"datePublished":"2014-06-02T06:53:23+00:00","dateModified":"2014-06-02T06:53:23+00:00","description":"Exercemos nossa liberdade editorial, portanto, apresentamos os aplicativos ou softwares que consideramos valiosos e de potencial interesse para nossos leitores.","breadcrumb":{"@id":"https:\/\/newsreports.com\/pt-br\/promover-seu-aplicativo-ou-software\/#breadcrumb"},"inLanguage":"pt-BR","potentialAction":[{"@type":"ReadAction","target":["https:\/\/newsreports.com\/pt-br\/promover-seu-aplicativo-ou-software\/"]}]},{"@type":"BreadcrumbList","@id":"https:\/\/newsreports.com\/pt-br\/promover-seu-aplicativo-ou-software\/#breadcrumb","itemListElement":[{"@type":"ListItem","position":1,"name":"Home","item":"https:\/\/newsreports.com\/pt-br\/inicio\/"},{"@type":"ListItem","position":2,"name":"Promover seu aplicativo ou software"}]}]}},"_links":{"self":[{"href":"https:\/\/newsreports.com\/pt-br\/wp-json\/wp\/v2\/pages\/141938","targetHints":{"allow":["GET"]}}],"collection":[{"href":"https:\/\/newsreports.com\/pt-br\/wp-json\/wp\/v2\/pages"}],"about":[{"href":"https:\/\/newsreports.com\/pt-br\/wp-json\/wp\/v2\/types\/page"}],"author":[{"embeddable":true,"href":"https:\/\/newsreports.com\/pt-br\/wp-json\/wp\/v2\/users\/15872"}],"replies":[{"embeddable":true,"href":"https:\/\/newsreports.com\/pt-br\/wp-json\/wp\/v2\/comments?post=141938"}],"version-history":[{"count":0,"href":"https:\/\/newsreports.com\/pt-br\/wp-json\/wp\/v2\/pages\/141938\/revisions"}],"wp:attachment":[{"href":"https:\/\/newsreports.com\/pt-br\/wp-json\/wp\/v2\/media?parent=141938"}],"curies":[{"name":"wp","href":"https:\/\/api.w.org\/{rel}","templated":true}]}}