{"id":141953,"date":"2022-06-27T14:52:00","date_gmt":"2022-06-27T07:52:00","guid":{"rendered":"https:\/\/newsreports.com\/categorias\/"},"modified":"2024-12-15T10:33:49","modified_gmt":"2024-12-15T03:33:49","slug":"categorias","status":"publish","type":"page","link":"https:\/\/newsreports.com\/es\/categorias\/","title":{"rendered":"Categor\u00edas"},"content":{"rendered":"\t\t<div data-elementor-type=\"wp-page\" data-elementor-id=\"141953\" class=\"elementor elementor-141953 elementor-95924\">\n\t\t\t\t\t\t\t\t\t<section class=\"elementor-section elementor-top-section elementor-element elementor-element-7da6f60f elementor-section-boxed elementor-section-height-default elementor-section-height-default\" data-id=\"7da6f60f\" data-element_type=\"section\">\n\t\t\t\t\t\t<div class=\"elementor-container elementor-column-gap-default\">\n\t\t\t\t\t<div class=\"elementor-column elementor-col-100 elementor-top-column elementor-element elementor-element-df0b8e9\" data-id=\"df0b8e9\" data-element_type=\"column\">\n\t\t\t<div class=\"elementor-widget-wrap elementor-element-populated\">\n\t\t\t\t\t\t\t\t<div class=\"elementor-element elementor-element-d697bf0 elementor-widget elementor-widget-heading\" data-id=\"d697bf0\" data-element_type=\"widget\" data-widget_type=\"heading.default\">\n\t\t\t\t<div class=\"elementor-widget-container\">\n\t\t\t<style>\/*! elementor - v3.12.2 - 23-04-2023 *\/\n.elementor-heading-title{padding:0;margin:0;line-height:1}.elementor-widget-heading .elementor-heading-title[class*=elementor-size-]>a{color:inherit;font-size:inherit;line-height:inherit}.elementor-widget-heading .elementor-heading-title.elementor-size-small{font-size:15px}.elementor-widget-heading .elementor-heading-title.elementor-size-medium{font-size:19px}.elementor-widget-heading .elementor-heading-title.elementor-size-large{font-size:29px}.elementor-widget-heading .elementor-heading-title.elementor-size-xl{font-size:39px}.elementor-widget-heading .elementor-heading-title.elementor-size-xxl{font-size:59px}<\/style><h1 class=\"elementor-heading-title elementor-size-default\">todas las categor\u00edas<\/h1>\t\t<\/div>\n\t\t\t\t<\/div>\n\t\t\t\t<div class=\"elementor-element elementor-element-322de9c elementor-widget elementor-widget-wp-widget-categories\" data-id=\"322de9c\" data-element_type=\"widget\" data-widget_type=\"wp-widget-categories.default\">\n\t\t\t\t<div class=\"elementor-widget-container\">\n\t\t\t<h5>Categor\u00edas<\/h5>\n\t\t\t<ul>\n\t\t\t\t\t<li class=\"cat-item cat-item-23249\"><a href=\"https:\/\/newsreports.com\/es\/category\/sin-categorizar\/\">Sin categorizar<\/a>\n<\/li>\n\t\t\t<\/ul>\n\n\t\t\t\t\t<\/div>\n\t\t\t\t<\/div>\n\t\t\t\t<div class=\"elementor-element elementor-element-a46259e elementor-widget elementor-widget-wp-widget-archives\" data-id=\"a46259e\" data-element_type=\"widget\" data-widget_type=\"wp-widget-archives.default\">\n\t\t\t\t<div class=\"elementor-widget-container\">\n\t\t\t<h5>Archivos<\/h5>\n\t\t\t<ul>\n\t\t\t\t\t<li><a href='https:\/\/newsreports.com\/es\/2025\/05\/'>mayo 2025<\/a><\/li>\n\t<li><a href='https:\/\/newsreports.com\/es\/2025\/04\/'>abril 2025<\/a><\/li>\n\t<li><a href='https:\/\/newsreports.com\/es\/2025\/03\/'>marzo 2025<\/a><\/li>\n\t<li><a href='https:\/\/newsreports.com\/es\/2025\/02\/'>febrero 2025<\/a><\/li>\n\t<li><a href='https:\/\/newsreports.com\/es\/2025\/01\/'>enero 2025<\/a><\/li>\n\t<li><a href='https:\/\/newsreports.com\/es\/2024\/12\/'>diciembre 2024<\/a><\/li>\n\t<li><a href='https:\/\/newsreports.com\/es\/2024\/11\/'>noviembre 2024<\/a><\/li>\n\t<li><a href='https:\/\/newsreports.com\/es\/2024\/10\/'>octubre 2024<\/a><\/li>\n\t<li><a href='https:\/\/newsreports.com\/es\/2024\/09\/'>septiembre 2024<\/a><\/li>\n\t<li><a href='https:\/\/newsreports.com\/es\/2024\/08\/'>agosto 2024<\/a><\/li>\n\t<li><a href='https:\/\/newsreports.com\/es\/2024\/06\/'>junio 2024<\/a><\/li>\n\t<li><a href='https:\/\/newsreports.com\/es\/2024\/05\/'>mayo 2024<\/a><\/li>\n\t<li><a href='https:\/\/newsreports.com\/es\/2024\/03\/'>marzo 2024<\/a><\/li>\n\t<li><a href='https:\/\/newsreports.com\/es\/2024\/02\/'>febrero 2024<\/a><\/li>\n\t<li><a href='https:\/\/newsreports.com\/es\/2024\/01\/'>enero 2024<\/a><\/li>\n\t<li><a href='https:\/\/newsreports.com\/es\/2023\/08\/'>agosto 2023<\/a><\/li>\n\t<li><a href='https:\/\/newsreports.com\/es\/2023\/06\/'>junio 2023<\/a><\/li>\n\t<li><a href='https:\/\/newsreports.com\/es\/2023\/04\/'>abril 2023<\/a><\/li>\n\t<li><a href='https:\/\/newsreports.com\/es\/2023\/01\/'>enero 2023<\/a><\/li>\n\t<li><a href='https:\/\/newsreports.com\/es\/2022\/12\/'>diciembre 2022<\/a><\/li>\n\t<li><a href='https:\/\/newsreports.com\/es\/2022\/08\/'>agosto 2022<\/a><\/li>\n\t<li><a href='https:\/\/newsreports.com\/es\/2022\/05\/'>mayo 2022<\/a><\/li>\n\t<li><a href='https:\/\/newsreports.com\/es\/2022\/02\/'>febrero 2022<\/a><\/li>\n\t<li><a href='https:\/\/newsreports.com\/es\/2018\/12\/'>diciembre 2018<\/a><\/li>\n\t<li><a href='https:\/\/newsreports.com\/es\/2018\/01\/'>enero 2018<\/a><\/li>\n\t<li><a href='https:\/\/newsreports.com\/es\/2017\/10\/'>octubre 2017<\/a><\/li>\n\t<li><a href='https:\/\/newsreports.com\/es\/2017\/09\/'>septiembre 2017<\/a><\/li>\n\t<li><a href='https:\/\/newsreports.com\/es\/2017\/08\/'>agosto 2017<\/a><\/li>\n\t<li><a href='https:\/\/newsreports.com\/es\/2017\/07\/'>julio 2017<\/a><\/li>\n\t<li><a href='https:\/\/newsreports.com\/es\/2017\/05\/'>mayo 2017<\/a><\/li>\n\t<li><a href='https:\/\/newsreports.com\/es\/2017\/02\/'>febrero 2017<\/a><\/li>\n\t<li><a href='https:\/\/newsreports.com\/es\/2017\/01\/'>enero 2017<\/a><\/li>\n\t<li><a href='https:\/\/newsreports.com\/es\/2016\/11\/'>noviembre 2016<\/a><\/li>\n\t<li><a href='https:\/\/newsreports.com\/es\/2012\/09\/'>septiembre 2012<\/a><\/li>\n\t<li><a href='https:\/\/newsreports.com\/es\/2012\/08\/'>agosto 2012<\/a><\/li>\n\t<li><a href='https:\/\/newsreports.com\/es\/2012\/03\/'>marzo 2012<\/a><\/li>\n\t<li><a href='https:\/\/newsreports.com\/es\/2011\/04\/'>abril 2011<\/a><\/li>\n\t<li><a href='https:\/\/newsreports.com\/es\/2011\/02\/'>febrero 2011<\/a><\/li>\n\t<li><a href='https:\/\/newsreports.com\/es\/2010\/12\/'>diciembre 2010<\/a><\/li>\n\t<li><a href='https:\/\/newsreports.com\/es\/2010\/11\/'>noviembre 2010<\/a><\/li>\n\t<li><a href='https:\/\/newsreports.com\/es\/2010\/10\/'>octubre 2010<\/a><\/li>\n\t\t\t<\/ul>\n\n\t\t\t\t\t<\/div>\n\t\t\t\t<\/div>\n\t\t\t\t<div class=\"elementor-element elementor-element-512431d elementor-widget elementor-widget-wp-widget-pages\" data-id=\"512431d\" data-element_type=\"widget\" data-widget_type=\"wp-widget-pages.default\">\n\t\t\t\t<div class=\"elementor-widget-container\">\n\t\t\t<h5>P\u00e1ginas<\/h5>\n\t\t\t<ul>\n\t\t\t\t<li class=\"page_item page-item-141953\"><a href=\"https:\/\/newsreports.com\/es\/categorias\/\">Categor\u00edas<\/a><\/li>\n<li class=\"page_item page-item-141944\"><a href=\"https:\/\/newsreports.com\/es\/colaboradores\/\">Colaboradores<\/a><\/li>\n<li class=\"page_item page-item-141945\"><a href=\"https:\/\/newsreports.com\/es\/condiciones-del-servicio\/\">Condiciones del servicio<\/a><\/li>\n<li class=\"page_item page-item-141951\"><a href=\"https:\/\/newsreports.com\/es\/\">Inicio<\/a><\/li>\n<li class=\"page_item page-item-141931\"><a href=\"https:\/\/newsreports.com\/es\/politica-de-privacidad\/\">Pol\u00edtica de privacidad<\/a><\/li>\n<li class=\"page_item page-item-141930\"><a href=\"https:\/\/newsreports.com\/es\/ponte-en-contacto-con\/\">Ponte en contacto con<\/a><\/li>\n<li class=\"page_item page-item-141965\"><a href=\"https:\/\/newsreports.com\/es\/privacidad\/\">Privacidad<\/a><\/li>\n<li class=\"page_item page-item-141937\"><a href=\"https:\/\/newsreports.com\/es\/promociona-tu-app-o-software\/\">Promociona tu App o Software<\/a><\/li>\n<li class=\"page_item page-item-141927\"><a href=\"https:\/\/newsreports.com\/es\/publicidad\/\">Publicidad<\/a><\/li>\n<li class=\"page_item page-item-141939\"><a href=\"https:\/\/newsreports.com\/es\/quienes-somos\/\">Qui\u00e9nes somos<\/a><\/li>\n\t\t\t<\/ul>\n\n\t\t\t\t\t<\/div>\n\t\t\t\t<\/div>\n\t\t\t\t\t<\/div>\n\t\t<\/div>\n\t\t\t\t\t\t\t<\/div>\n\t\t<\/section>\n\t\t\t\t\t\t\t<\/div>\n\t\t","protected":false},"excerpt":{"rendered":"<p>todas las categor\u00edas<\/p>\n","protected":false},"author":15878,"featured_media":0,"parent":0,"menu_order":0,"comment_status":"closed","ping_status":"closed","template":"","meta":{"_acf_changed":false,"inline_featured_image":false,"footnotes":""},"class_list":["post-141953","page","type-page","status-publish","hentry"],"acf":[],"yoast_head":"<!-- This site is optimized with the Yoast SEO plugin v18.8 - https:\/\/yoast.com\/wordpress\/plugins\/seo\/ -->\n<title>Categor\u00edas<\/title>\n<meta name=\"description\" content=\"Estas son todas las p\u00e1ginas de categor\u00eda del sitio web NewsReports. NewsReports es una publicaci\u00f3n centrada en proporcionar contenidos informativos al p\u00fablico masivo.\" \/>\n<meta name=\"robots\" content=\"index, follow, max-snippet:-1, max-image-preview:large, max-video-preview:-1\" \/>\n<link rel=\"canonical\" href=\"https:\/\/newsreports.com\/es\/categorias\/\" \/>\n<meta property=\"og:locale\" content=\"es_ES\" \/>\n<meta property=\"og:type\" content=\"article\" \/>\n<meta property=\"og:title\" content=\"Categor\u00edas\" \/>\n<meta property=\"og:description\" content=\"Estas son todas las p\u00e1ginas de categor\u00eda del sitio web NewsReports. NewsReports es una publicaci\u00f3n centrada en proporcionar contenidos informativos al p\u00fablico masivo.\" \/>\n<meta property=\"og:url\" content=\"https:\/\/newsreports.com\/es\/categorias\/\" \/>\n<meta property=\"og:site_name\" content=\"NewsReports\" \/>\n<meta property=\"article:modified_time\" content=\"2024-12-15T03:33:49+00:00\" \/>\n<meta name=\"twitter:card\" content=\"summary_large_image\" \/>\n<script type=\"application\/ld+json\" class=\"yoast-schema-graph\">{\"@context\":\"https:\/\/schema.org\",\"@graph\":[{\"@type\":\"WebSite\",\"@id\":\"https:\/\/newsreports.com\/es\/#website\",\"url\":\"https:\/\/newsreports.com\/es\/\",\"name\":\"NewsReports\",\"description\":\"- Apps News, Trends, and More\",\"potentialAction\":[{\"@type\":\"SearchAction\",\"target\":{\"@type\":\"EntryPoint\",\"urlTemplate\":\"https:\/\/newsreports.com\/es\/?s={search_term_string}\"},\"query-input\":\"required name=search_term_string\"}],\"inLanguage\":\"es\"},{\"@type\":\"WebPage\",\"@id\":\"https:\/\/newsreports.com\/es\/categorias\/#webpage\",\"url\":\"https:\/\/newsreports.com\/es\/categorias\/\",\"name\":\"Categor\u00edas\",\"isPartOf\":{\"@id\":\"https:\/\/newsreports.com\/es\/#website\"},\"datePublished\":\"2022-06-27T07:52:00+00:00\",\"dateModified\":\"2024-12-15T03:33:49+00:00\",\"description\":\"Estas son todas las p\u00e1ginas de categor\u00eda del sitio web NewsReports. NewsReports es una publicaci\u00f3n centrada en proporcionar contenidos informativos al p\u00fablico masivo.\",\"breadcrumb\":{\"@id\":\"https:\/\/newsreports.com\/es\/categorias\/#breadcrumb\"},\"inLanguage\":\"es\",\"potentialAction\":[{\"@type\":\"ReadAction\",\"target\":[\"https:\/\/newsreports.com\/es\/categorias\/\"]}]},{\"@type\":\"BreadcrumbList\",\"@id\":\"https:\/\/newsreports.com\/es\/categorias\/#breadcrumb\",\"itemListElement\":[{\"@type\":\"ListItem\",\"position\":1,\"name\":\"Home\",\"item\":\"https:\/\/newsreports.com\/es\/inicio\/\"},{\"@type\":\"ListItem\",\"position\":2,\"name\":\"Categor\u00edas\"}]}]}<\/script>\n<!-- \/ Yoast SEO plugin. -->","yoast_head_json":{"title":"Categor\u00edas","description":"Estas son todas las p\u00e1ginas de categor\u00eda del sitio web NewsReports. NewsReports es una publicaci\u00f3n centrada en proporcionar contenidos informativos al p\u00fablico masivo.","robots":{"index":"index","follow":"follow","max-snippet":"max-snippet:-1","max-image-preview":"max-image-preview:large","max-video-preview":"max-video-preview:-1"},"canonical":"https:\/\/newsreports.com\/es\/categorias\/","og_locale":"es_ES","og_type":"article","og_title":"Categor\u00edas","og_description":"Estas son todas las p\u00e1ginas de categor\u00eda del sitio web NewsReports. NewsReports es una publicaci\u00f3n centrada en proporcionar contenidos informativos al p\u00fablico masivo.","og_url":"https:\/\/newsreports.com\/es\/categorias\/","og_site_name":"NewsReports","article_modified_time":"2024-12-15T03:33:49+00:00","twitter_card":"summary_large_image","schema":{"@context":"https:\/\/schema.org","@graph":[{"@type":"WebSite","@id":"https:\/\/newsreports.com\/es\/#website","url":"https:\/\/newsreports.com\/es\/","name":"NewsReports","description":"- Apps News, Trends, and More","potentialAction":[{"@type":"SearchAction","target":{"@type":"EntryPoint","urlTemplate":"https:\/\/newsreports.com\/es\/?s={search_term_string}"},"query-input":"required name=search_term_string"}],"inLanguage":"es"},{"@type":"WebPage","@id":"https:\/\/newsreports.com\/es\/categorias\/#webpage","url":"https:\/\/newsreports.com\/es\/categorias\/","name":"Categor\u00edas","isPartOf":{"@id":"https:\/\/newsreports.com\/es\/#website"},"datePublished":"2022-06-27T07:52:00+00:00","dateModified":"2024-12-15T03:33:49+00:00","description":"Estas son todas las p\u00e1ginas de categor\u00eda del sitio web NewsReports. NewsReports es una publicaci\u00f3n centrada en proporcionar contenidos informativos al p\u00fablico masivo.","breadcrumb":{"@id":"https:\/\/newsreports.com\/es\/categorias\/#breadcrumb"},"inLanguage":"es","potentialAction":[{"@type":"ReadAction","target":["https:\/\/newsreports.com\/es\/categorias\/"]}]},{"@type":"BreadcrumbList","@id":"https:\/\/newsreports.com\/es\/categorias\/#breadcrumb","itemListElement":[{"@type":"ListItem","position":1,"name":"Home","item":"https:\/\/newsreports.com\/es\/inicio\/"},{"@type":"ListItem","position":2,"name":"Categor\u00edas"}]}]}},"_links":{"self":[{"href":"https:\/\/newsreports.com\/es\/wp-json\/wp\/v2\/pages\/141953","targetHints":{"allow":["GET"]}}],"collection":[{"href":"https:\/\/newsreports.com\/es\/wp-json\/wp\/v2\/pages"}],"about":[{"href":"https:\/\/newsreports.com\/es\/wp-json\/wp\/v2\/types\/page"}],"author":[{"embeddable":true,"href":"https:\/\/newsreports.com\/es\/wp-json\/wp\/v2\/users\/15878"}],"replies":[{"embeddable":true,"href":"https:\/\/newsreports.com\/es\/wp-json\/wp\/v2\/comments?post=141953"}],"version-history":[{"count":2,"href":"https:\/\/newsreports.com\/es\/wp-json\/wp\/v2\/pages\/141953\/revisions"}],"predecessor-version":[{"id":141961,"href":"https:\/\/newsreports.com\/es\/wp-json\/wp\/v2\/pages\/141953\/revisions\/141961"}],"wp:attachment":[{"href":"https:\/\/newsreports.com\/es\/wp-json\/wp\/v2\/media?parent=141953"}],"curies":[{"name":"wp","href":"https:\/\/api.w.org\/{rel}","templated":true}]}}