{"id":141945,"date":"2016-11-17T16:27:46","date_gmt":"2016-11-17T09:27:46","guid":{"rendered":"https:\/\/newsreports.com\/condiciones-del-servicio\/"},"modified":"2016-11-17T16:27:46","modified_gmt":"2016-11-17T09:27:46","slug":"condiciones-del-servicio","status":"publish","type":"page","link":"https:\/\/newsreports.com\/es\/condiciones-del-servicio\/","title":{"rendered":"Condiciones del servicio"},"content":{"rendered":"<p><strong>1. Reconocimiento y aceptaci\u00f3n de las condiciones<\/strong><\/p>\n<p>Appolicious proporciona los sitios <a href=\"\/\">www.appolicious.com,<\/a> <a href=\"http:\/\/www.androidapps.com\/\">www.androidapps.com<\/a> y <a href=\"http:\/\/www.appvee.com\/\">www.appvee.com<\/a> (los \u00abSitios\u00bb) sujetos al cumplimiento por tu parte de todos los t\u00e9rminos, condiciones y noticies contenidos o a los que se hace referencia en el presente documento (las \u00abCondiciones de Uso\u00bb). Adem\u00e1s, cuando utilices servicios concretos de los Sitios, estar\u00e1s sujeto a las directrices o normas publicadas aplicables a dichos servicios que puedan contener t\u00e9rminos y condiciones adicionales a los de las Condiciones de uso. Al utilizar los Sitios, aceptas las Condiciones de uso. Si no est\u00e1s de acuerdo, no utilices los Sitios. Nos reservamos el derecho a cambiar las Condiciones de uso de vez en cuando sin avisarte. Reconoces y aceptas que es tu responsabilidad revisar los Sitios y las Condiciones de uso peri\u00f3dicamente para enterarte de cualquier modificaci\u00f3n. Tu uso continuado de los Sitios tras la publicaci\u00f3n de cualquier modificaci\u00f3n constituir\u00e1 tu aceptaci\u00f3n de quedar vinculado por dichas Condiciones de uso modificadas. Podemos modificar, suspender, interrumpir o restringir el uso de los Sitios, cualquier parte de los mismos o cualquier contenido en cualquier momento, con o sin previo aviso.   <\/p>\n<p><strong>2. Requisito de edad<\/strong><\/p>\n<p>Los Sitios s\u00f3lo est\u00e1n disponibles para personas mayores de 13 a\u00f1os. Si tienes entre 13 y 18 a\u00f1os, debes revisar las Condiciones de uso con tu padre, madre o tutor para asegurarte de que t\u00fa y tu padre, madre o tutor las entend\u00e9is. <\/p>\n<p><strong>3. Contenido<\/strong><\/p>\n<p>Todos los textos, gr\u00e1ficos, interfaces de usuario y visuales, fotograf\u00edas, marcas comerciales, logotipos, sonidos, m\u00fasica, ilustraciones, aplicaciones, c\u00f3digo inform\u00e1tico y documentaci\u00f3n asociada (colectivamente, el \u00abContenido\u00bb), incluyendo, entre otros, el dise\u00f1o, la estructura, la disposici\u00f3n y el \u00abaspecto y sensaci\u00f3n\u00bb de dicho Contenido, son propiedad nuestra o nos han sido concedidos bajo licencia y est\u00e1n protegidos por derechos de autor, marcas comerciales y otros derechos y leyes de propiedad intelectual. Salvo que se disponga expresamente en las Condiciones de uso, ninguna parte de los Sitios ni ning\u00fan Contenido podr\u00e1n copiarse, reproducirse, venderse, volver a publicarse, transmitirse, mostrarse, reenviarse o distribuirse de cualquier otra forma con fines p\u00fablicos o comerciales.<\/p>\n<p><strong>4. Uso de los sitios<\/strong><\/p>\n<p>Tu uso de los Sitios est\u00e1 sujeto a todas las leyes y normativas aplicables. No puedes:<\/p>\n<ul>\n<li>utilizar cualquier \u00abenlace profundo\u00bb, \u00abpage-scrape\u00bb, \u00abrobot\u00bb, \u00abara\u00f1a\u00bb u otro dispositivo autom\u00e1tico, programa, algoritmo o metodolog\u00eda, o cualquier proceso manual para acceder, adquirir, copiar o supervisar cualquier parte de los Sitios o cualquier Contenido u obtener o intentar obtener cualquier material, documento o informaci\u00f3n a trav\u00e9s de cualquier medio que no se haya puesto a disposici\u00f3n a prop\u00f3sito a trav\u00e9s de los Sitios;<\/li>\n<li>intentar obtener acceso no autorizado a cualquier parte de los Sitios o a cualquier Contenido, o a cualquier sistema o red conectados al Sitio, mediante pirater\u00eda inform\u00e1tica, \u00abminer\u00eda\u00bb de contrase\u00f1as o cualquier otro medio ileg\u00edtimo;<\/li>\n<li>sondear, escanear o probar la vulnerabilidad de los Sitios o de cualquier Contenido, o de cualquier sistema o red conectados al Sitio;<\/li>\n<li>realizar b\u00fasquedas inversas o rastrear cualquier informaci\u00f3n de cualquier otro usuario o visitante de los Sitios o utilizar de cualquier otro modo los Sitios con el fin de obtener informaci\u00f3n de cualquier otro usuario o visitante de los Sitios;<\/li>\n<li>utilizar cualquier dispositivo, software o proceso para interferir o intentar interferir en el correcto funcionamiento de los Sitios o de cualquier Contenido, o de cualquier sistema o red conectados a los Sitios, o en el uso de los Sitios por parte de cualquier otra persona; o<\/li>\n<li>utilizar los Sitios o cualquier Contenido para cualquier fin ilegal o prohibido por las Condiciones de Uso.<\/li>\n<\/ul>\n<p>Cualquier uso no autorizado de los Sitios o de cualquier Contenido puede violar los derechos de autor, las marcas registradas y otras leyes aplicables y podr\u00eda dar lugar a sanciones penales o civiles.<\/p>\n<p><strong>5. Uso del software<\/strong><\/p>\n<p>Cualquier software que se ponga a disposici\u00f3n a trav\u00e9s de los Sitios se regir\u00e1 por los t\u00e9rminos del acuerdo de licencia que acompa\u00f1e al software o que se publique con la descarga del software o en la p\u00e1gina de los Sitios en la que se pueda acceder al software; no obstante, si no se pone a disposici\u00f3n dicho acuerdo de licencia, te concedemos una licencia revocable, mundial, con derechos de autor, no asignable y no exclusiva para utilizar el Software para tu uso personal y no comercial de acuerdo con las Condiciones de uso. En caso de incoherencia entre las Condiciones de uso y cualquier acuerdo de licencia, regir\u00e1 el acuerdo de licencia en relaci\u00f3n con el software. No puedes descompilar, realizar ingenier\u00eda inversa o intentar descubrir de otro modo el c\u00f3digo fuente del software. El software puede descargar e instalar autom\u00e1ticamente actualizaciones nuestras de vez en cuando. Estas actualizaciones est\u00e1n dise\u00f1adas para mejorar, perfeccionar y desarrollar el software y pueden adoptar la forma de correcciones de errores, funciones mejoradas, nuevos m\u00f3dulos de software y versiones completamente nuevas. Aceptas recibir dichas actualizaciones (y nos permites entreg\u00e1rtelas con o sin tu conocimiento) como parte de tu uso del software. <\/p>\n<p><strong>6. Informaci\u00f3n de la cuenta<\/strong><\/p>\n<p>Ciertas funciones o servicios ofrecidos en o a trav\u00e9s de los Sitios pueden requerir que abras una cuenta (incluyendo un nombre de usuario y una contrase\u00f1a). Eres responsable de tomar todas las medidas necesarias para garantizar que ninguna persona no autorizada tenga acceso a tu cuenta o contrase\u00f1a. Es tu responsabilidad exclusiva (i) controlar la difusi\u00f3n y el uso de tu cuenta y contrase\u00f1a; y (ii) informarnos puntualmente de cualquier necesidad de desactivar una cuenta o contrase\u00f1a. No nos hacemos responsables de ning\u00fan da\u00f1o relacionado con el robo de contrase\u00f1as, o con tu divulgaci\u00f3n de contrase\u00f1as. Deber\u00e1s notificarnos inmediatamente cualquier uso no autorizado de tu cuenta o contrase\u00f1a o cualquier violaci\u00f3n de la confidencialidad. Eres el \u00fanico responsable de cualquier da\u00f1o resultante del uso de tu cuenta y nombre de usuario. No puedes utilizar tu cuenta o contrase\u00f1a para violar la seguridad de otra cuenta.        <\/p>\n<p><strong>7. Privacidad<\/strong><\/p>\n<p>Nuestra Pol\u00edtica de Privacidad se aplica al uso de los Sitios y sus t\u00e9rminos forman parte de las Condiciones de Uso mediante esta referencia. Para ver nuestra Pol\u00edtica de Privacidad, haz clic <a href=\"http:\/\/appolicious.com\/privacy-policy\">aqu\u00ed<\/a>. <\/p>\n<p><strong>8. Renuncia de garant\u00edas y limitaci\u00f3n de responsabilidad<\/strong><\/p>\n<p>LOS SITIOS Y TODOS LOS CONTENIDOS SE PROPORCIONAN \u00abTAL CUAL\u00bb Y \u00abSEG\u00daN DISPONIBILIDAD\u00bb, SIN GARANT\u00cdAS DE NING\u00daN TIPO, NI EXPRESAS NI IMPL\u00cdCITAS, INCLUIDAS, ENTRE OTRAS, LAS GARANT\u00cdAS DE COMERCIABILIDAD, ADECUACI\u00d3N A UN FIN DETERMINADO, EXACTITUD, INTEGRIDAD, ACTUALIDAD, AUSENCIA DE INTERRUPCIONES, VIRUS U OTROS DEFECTOS, Y NO INFRACCI\u00d3N. TU \u00daNICO RECURSO CONTRA NOSOTROS EN CASO DE INSATISFACCI\u00d3N CON LOS SITIOS O CUALQUIER CONTENIDO ES DEJAR DE UTILIZAR LOS SITIOS O DICHO CONTENIDO. EN NING\u00daN CASO NOSOTROS O NUESTROS OFICIALES, DIRECTORES, EMPLEADOS, AGENTES, LICENCIANTES O PROVEEDORES DE CONTENIDOS (nuestros \u00abAFILIADOS\u00bb) SEREMOS RESPONSABLES DE NING\u00daN DA\u00d1O, INCLUIDOS, SIN LIMITACI\u00d3N, LOS DA\u00d1OS INDIRECTOS, CONSECUENCIALES, ESPECIALES, ACCIDENTALES O PUNITIVOS, RESULTANTES DEL USO O DE LA IMPOSIBILIDAD DE USAR LOS SITIOS O EL CONTENIDO, TANTO SI SE BASAN EN LA GARANT\u00cdA, EL CONTRATO, EL AGRAVIO O CUALQUIER OTRA TEOR\u00cdA LEGAL, Y TANTO SI NOSOTROS O NUESTROS AFILIADOS HEMOS SIDO ADVERTIDOS DE LA POSIBILIDAD DE TALES DA\u00d1OS COMO SI NO.<\/p>\n<p><strong>9. Rescisi\u00f3n e indemnizaci\u00f3n<\/strong><\/p>\n<p>Aceptas que podemos, en cualquier momento y a nuestra entera discreci\u00f3n, cancelar tu cuenta o suspender o prohibir tu acceso a los Sitios sin previo aviso por infringir cualquiera de las Condiciones de uso o por cualquier otro motivo. Aceptas defendernos, indemnizarnos y eximirnos a nosotros y a nuestros Afiliados de cualquier demanda, p\u00e9rdida, responsabilidad, reclamaci\u00f3n o gasto (incluidos los honorarios de los abogados) que nos haga cualquier tercero debido a tu uso de los Sitios o que se derive de \u00e9l.<\/p>\n<p><strong>10. Env\u00edos de usuarios<\/strong><\/p>\n<p>Si nos haces cualquier env\u00edo, aceptas que no enviar\u00e1s ni transmitir\u00e1s ninguna comunicaci\u00f3n o contenido que (i) sea difamatorio, indecente, acosador o censurable de cualquier otro modo; (ii) infrinja o viole cualquier derecho de cualquier parte; o (iii) contenga un virus o datos corruptos. Todos los correos electr\u00f3nicos y dem\u00e1s correspondencia que nos env\u00edes pasar\u00e1n a ser de nuestra \u00fanica y exclusiva propiedad. Si nos env\u00edas cualquier informaci\u00f3n comercial, idea, concepto o invenci\u00f3n, dicho env\u00edo se considerar\u00e1: (i) no confidencial; y (ii) de nuestra \u00fanica y exclusiva propiedad. No tendremos ninguna obligaci\u00f3n de ning\u00fan tipo con respecto al env\u00edo, y seremos libres de utilizar o transmitir dicho env\u00edo para cualquier fin.   <\/p>\n<p><strong>11. Enlaces<\/strong><\/p>\n<p>Podemos proporcionar enlaces a sitios web de terceros. No recomendamos ni aprobamos el contenido de los sitios web de terceros. No somos responsables del contenido de los sitios web de terceros enlazados y no ofrecemos ninguna declaraci\u00f3n ni garant\u00eda sobre su contenido o exactitud. El uso de sitios web de terceros corre por tu cuenta y riesgo y est\u00e1 sujeto a los t\u00e9rminos y condiciones de uso de dichos sitios web.   <\/p>\n<p><strong>12. Avisos<\/strong><\/p>\n<p>Podemos enviarte notificaciones con respecto a los Sitios enviando un mensaje de correo electr\u00f3nico a la direcci\u00f3n de correo electr\u00f3nico que figura en tu cuenta, enviando una carta por correo postal a la direcci\u00f3n de contacto que figura en tu cuenta o public\u00e1ndola en el Sitio. Cualquier notificaci\u00f3n se considerar\u00e1 entregada a la parte que reciba dicha comunicaci\u00f3n: (i) un d\u00eda h\u00e1bil despu\u00e9s del dep\u00f3sito con un transportista nocturno; (ii) tres d\u00edas h\u00e1biles despu\u00e9s de la fecha de env\u00edo si se env\u00eda por correo postal; (iii) la fecha de transmisi\u00f3n si se env\u00eda por correo electr\u00f3nico; o (iv) la fecha en que publiquemos la notificaci\u00f3n en el Sitio.     <\/p>\n<p><strong>13. Ley aplicable, uso internacional  <\/strong><\/p>\n<p>Las Condiciones de uso se regir\u00e1n e interpretar\u00e1n de acuerdo con las leyes internas del Estado de Illinois, sin tener en cuenta sus conflictos de disposiciones legales. Aceptas la jurisdicci\u00f3n personal y la competencia de los tribunales estatales y federales del Condado de Cook, Illinois, y renuncias a cualquier objeci\u00f3n a dicha jurisdicci\u00f3n o competencia. Aunque los Sitios pueden ser accesibles en todo el mundo, no hacemos ninguna declaraci\u00f3n de que los materiales de los Sitios sean apropiados o est\u00e9n disponibles para su uso en lugares fuera de Estados Unidos, y est\u00e1 prohibido acceder a los Sitios desde territorios donde su uso sea ilegal. <\/p>\n<p><strong>14. Acuerdo completo<\/strong><\/p>\n<p>Las Condiciones de uso representan el acuerdo completo entre t\u00fa y nosotros con respecto al asunto tratado en este documento y sustituye a todos los acuerdos o entendimientos anteriores o contempor\u00e1neos, escritos u orales. Las Condiciones de uso ser\u00e1n vinculantes y redundar\u00e1n en beneficio de las partes y de sus respectivos sucesores y cesionarios legales. <\/p>\n<p><strong>15. Renuncia<\/strong><\/p>\n<p>El hecho de que no hagamos cumplir o no ejerzamos alguna de las disposiciones de las Condiciones de uso no constituir\u00e1 una renuncia a dicho derecho o disposici\u00f3n. El hecho de que no actuemos con respecto a un incumplimiento por tu parte o por parte de otros no supone una renuncia a nuestros derechos a actuar con respecto a incumplimientos posteriores o similares. <\/p>\n<p><strong>16. Honorarios de abogados y contables<\/strong><\/p>\n<p>En cualquier acci\u00f3n para hacer cumplir las Condiciones de uso, la parte vencedora tendr\u00e1 derecho a los honorarios y costes de abogados y contables.<\/p>\n","protected":false},"excerpt":{"rendered":"<p>1. Reconocimiento y aceptaci\u00f3n de las condiciones Appolicious proporciona los sitios www.appolicious.com, www.androidapps.com y www.appvee.com (los \u00abSitios\u00bb) sujetos al cumplimiento por tu parte de todos los t\u00e9rminos, condiciones y noticies contenidos o a los que se hace referencia en el presente documento (las \u00abCondiciones de Uso\u00bb). Adem\u00e1s, cuando utilices servicios concretos de los Sitios, estar\u00e1s [&hellip;]<\/p>\n","protected":false},"author":15865,"featured_media":0,"parent":0,"menu_order":0,"comment_status":"closed","ping_status":"closed","template":"","meta":{"_acf_changed":false,"inline_featured_image":false,"footnotes":""},"class_list":["post-141945","page","type-page","status-publish","hentry"],"acf":[],"yoast_head":"<!-- This site is optimized with the Yoast SEO plugin v18.8 - https:\/\/yoast.com\/wordpress\/plugins\/seo\/ -->\n<title>Condiciones del servicio<\/title>\n<meta name=\"description\" content=\"Esta es la p\u00e1gina de condiciones de servicio de NewsReports. En ella se tratan las condiciones de todo usuario que utilice el sitio web de NewsReports.\" \/>\n<meta name=\"robots\" content=\"index, follow, max-snippet:-1, max-image-preview:large, max-video-preview:-1\" \/>\n<link rel=\"canonical\" href=\"https:\/\/newsreports.com\/es\/condiciones-del-servicio\/\" \/>\n<meta property=\"og:locale\" content=\"es_ES\" \/>\n<meta property=\"og:type\" content=\"article\" \/>\n<meta property=\"og:title\" content=\"Condiciones del servicio\" \/>\n<meta property=\"og:description\" content=\"Esta es la p\u00e1gina de condiciones de servicio de NewsReports. En ella se tratan las condiciones de todo usuario que utilice el sitio web de NewsReports.\" \/>\n<meta property=\"og:url\" content=\"https:\/\/newsreports.com\/es\/condiciones-del-servicio\/\" \/>\n<meta property=\"og:site_name\" content=\"NewsReports\" \/>\n<meta name=\"twitter:card\" content=\"summary_large_image\" \/>\n<meta name=\"twitter:label1\" content=\"Tiempo de lectura\" \/>\n\t<meta name=\"twitter:data1\" content=\"10 minutos\" \/>\n<script type=\"application\/ld+json\" class=\"yoast-schema-graph\">{\"@context\":\"https:\/\/schema.org\",\"@graph\":[{\"@type\":\"WebSite\",\"@id\":\"https:\/\/newsreports.com\/es\/#website\",\"url\":\"https:\/\/newsreports.com\/es\/\",\"name\":\"NewsReports\",\"description\":\"- Apps News, Trends, and More\",\"potentialAction\":[{\"@type\":\"SearchAction\",\"target\":{\"@type\":\"EntryPoint\",\"urlTemplate\":\"https:\/\/newsreports.com\/es\/?s={search_term_string}\"},\"query-input\":\"required name=search_term_string\"}],\"inLanguage\":\"es\"},{\"@type\":\"WebPage\",\"@id\":\"https:\/\/newsreports.com\/es\/condiciones-del-servicio\/#webpage\",\"url\":\"https:\/\/newsreports.com\/es\/condiciones-del-servicio\/\",\"name\":\"Condiciones del servicio\",\"isPartOf\":{\"@id\":\"https:\/\/newsreports.com\/es\/#website\"},\"datePublished\":\"2016-11-17T09:27:46+00:00\",\"dateModified\":\"2016-11-17T09:27:46+00:00\",\"description\":\"Esta es la p\u00e1gina de condiciones de servicio de NewsReports. En ella se tratan las condiciones de todo usuario que utilice el sitio web de NewsReports.\",\"breadcrumb\":{\"@id\":\"https:\/\/newsreports.com\/es\/condiciones-del-servicio\/#breadcrumb\"},\"inLanguage\":\"es\",\"potentialAction\":[{\"@type\":\"ReadAction\",\"target\":[\"https:\/\/newsreports.com\/es\/condiciones-del-servicio\/\"]}]},{\"@type\":\"BreadcrumbList\",\"@id\":\"https:\/\/newsreports.com\/es\/condiciones-del-servicio\/#breadcrumb\",\"itemListElement\":[{\"@type\":\"ListItem\",\"position\":1,\"name\":\"Home\",\"item\":\"https:\/\/newsreports.com\/es\/inicio\/\"},{\"@type\":\"ListItem\",\"position\":2,\"name\":\"Condiciones del servicio\"}]}]}<\/script>\n<!-- \/ Yoast SEO plugin. -->","yoast_head_json":{"title":"Condiciones del servicio","description":"Esta es la p\u00e1gina de condiciones de servicio de NewsReports. En ella se tratan las condiciones de todo usuario que utilice el sitio web de NewsReports.","robots":{"index":"index","follow":"follow","max-snippet":"max-snippet:-1","max-image-preview":"max-image-preview:large","max-video-preview":"max-video-preview:-1"},"canonical":"https:\/\/newsreports.com\/es\/condiciones-del-servicio\/","og_locale":"es_ES","og_type":"article","og_title":"Condiciones del servicio","og_description":"Esta es la p\u00e1gina de condiciones de servicio de NewsReports. En ella se tratan las condiciones de todo usuario que utilice el sitio web de NewsReports.","og_url":"https:\/\/newsreports.com\/es\/condiciones-del-servicio\/","og_site_name":"NewsReports","twitter_card":"summary_large_image","twitter_misc":{"Tiempo de lectura":"10 minutos"},"schema":{"@context":"https:\/\/schema.org","@graph":[{"@type":"WebSite","@id":"https:\/\/newsreports.com\/es\/#website","url":"https:\/\/newsreports.com\/es\/","name":"NewsReports","description":"- Apps News, Trends, and More","potentialAction":[{"@type":"SearchAction","target":{"@type":"EntryPoint","urlTemplate":"https:\/\/newsreports.com\/es\/?s={search_term_string}"},"query-input":"required name=search_term_string"}],"inLanguage":"es"},{"@type":"WebPage","@id":"https:\/\/newsreports.com\/es\/condiciones-del-servicio\/#webpage","url":"https:\/\/newsreports.com\/es\/condiciones-del-servicio\/","name":"Condiciones del servicio","isPartOf":{"@id":"https:\/\/newsreports.com\/es\/#website"},"datePublished":"2016-11-17T09:27:46+00:00","dateModified":"2016-11-17T09:27:46+00:00","description":"Esta es la p\u00e1gina de condiciones de servicio de NewsReports. En ella se tratan las condiciones de todo usuario que utilice el sitio web de NewsReports.","breadcrumb":{"@id":"https:\/\/newsreports.com\/es\/condiciones-del-servicio\/#breadcrumb"},"inLanguage":"es","potentialAction":[{"@type":"ReadAction","target":["https:\/\/newsreports.com\/es\/condiciones-del-servicio\/"]}]},{"@type":"BreadcrumbList","@id":"https:\/\/newsreports.com\/es\/condiciones-del-servicio\/#breadcrumb","itemListElement":[{"@type":"ListItem","position":1,"name":"Home","item":"https:\/\/newsreports.com\/es\/inicio\/"},{"@type":"ListItem","position":2,"name":"Condiciones del servicio"}]}]}},"_links":{"self":[{"href":"https:\/\/newsreports.com\/es\/wp-json\/wp\/v2\/pages\/141945","targetHints":{"allow":["GET"]}}],"collection":[{"href":"https:\/\/newsreports.com\/es\/wp-json\/wp\/v2\/pages"}],"about":[{"href":"https:\/\/newsreports.com\/es\/wp-json\/wp\/v2\/types\/page"}],"author":[{"embeddable":true,"href":"https:\/\/newsreports.com\/es\/wp-json\/wp\/v2\/users\/15865"}],"replies":[{"embeddable":true,"href":"https:\/\/newsreports.com\/es\/wp-json\/wp\/v2\/comments?post=141945"}],"version-history":[{"count":0,"href":"https:\/\/newsreports.com\/es\/wp-json\/wp\/v2\/pages\/141945\/revisions"}],"wp:attachment":[{"href":"https:\/\/newsreports.com\/es\/wp-json\/wp\/v2\/media?parent=141945"}],"curies":[{"name":"wp","href":"https:\/\/api.w.org\/{rel}","templated":true}]}}