{"id":141944,"date":"2020-10-22T13:40:34","date_gmt":"2020-10-22T06:40:34","guid":{"rendered":"https:\/\/newsreports.com\/colaboradores\/"},"modified":"2020-10-22T13:40:34","modified_gmt":"2020-10-22T06:40:34","slug":"colaboradores","status":"publish","type":"page","link":"https:\/\/newsreports.com\/es\/colaboradores\/","title":{"rendered":"Colaboradores"},"content":{"rendered":"<h1><span style=\"font-weight: 400;\">\u00bfQuieres colaborar en News Reports?<\/span><\/h1>\n<p><span style=\"font-weight: 400;\">\u00a1Grandes noticias, autores con talento! News Reports acepta art\u00edculos de invitados. Pero ten en cuenta que tenemos buen ojo para la calidad y somos muy selectivos con lo que decidimos publicar. Buscamos     <\/span><b>contenido fresco y totalmente original<\/b><span style=\"font-weight: 400;\"> que realmente tenga algo significativo que decir a nuestros lectores.<\/span> <span style=\"font-weight: 400;\">Tu mejor apuesta es ofrecer <\/span><b>ideas de expertos<\/b><\/p>\n<p><span style=\"font-weight: 400;\">  en estudios, estad\u00edsticas, noticias, tendencias econ\u00f3micas u otros datos emp\u00edricos publicados recientemente. Tu opini\u00f3n debe ayudar a nuestros lectores no expertos a interpretar y discernir. Por favor, no env\u00edes promociones apenas disimuladas de tus productos o servicios.    <\/span><b>Creemos que tu experiencia es probablemente tu mejor herramienta de marketing.<\/b><\/p>\n<p><span style=\"font-weight: 400;\">Los escritores invitados pueden publicar tantos art\u00edculos como deseen. Si decides   <\/span><span style=\"font-weight: 400;\">convi\u00e9rtete en colaborador habitual<\/span><span style=\"font-weight: 400;\">te pediremos que te comprometas con un horario y un plazo regulares, y que tengas un historial probado de puntualidad antes de ganarte ese particular honor\u00edfico.<\/span> <b>Sigue todas las instrucciones que figuran a continuaci\u00f3n y en nuestro <\/b><b>formulario en l\u00ednea<\/b><b> para enviar un art\u00edculo para su consideraci\u00f3n.<\/b><\/p>\n<p><span style=\"font-weight: 400;\">  Nuestro equipo editorial revisa cada art\u00edculo enviado. El plazo est\u00e1ndar de notificaci\u00f3n es de dos a seis semanas, dependiendo de la longitud de nuestra cola de escritores existente. Por favor, espera al menos unas semanas antes de ponerte en contacto con nosotros.  <\/span><\/p>\n<h2><span style=\"font-weight: 400;\">Paso 1: Escribe y env\u00eda algo sorprendente y alucinante.<\/span><\/h2>\n<h3><span style=\"font-weight: 400;\">Por favor, <\/span><b>HACER:<\/b><\/h3>\n<ul>\n<li style=\"font-weight: 400;\" aria-level=\"1\"><b>Aborda un (1) tema principal en tu art\u00edculo.<\/b><span style=\"font-weight: 400;\">  Y lo que es m\u00e1s importante, proporciona conclusiones concretas que sean \u00fatiles y aplicables.<\/span><\/li>\n<li style=\"font-weight: 400;\" aria-level=\"1\"><b>Mant\u00e9n el recuento de palabras entre 1.000 y 1.500 palabras.<\/b><span style=\"font-weight: 400;\">excluyendo los t\u00edtulos propuestos y los pies de foto.<\/span><\/li>\n<li style=\"font-weight: 400;\" aria-level=\"1\"><b>Env\u00eda s\u00f3lo tu versi\u00f3n final del art\u00edculo.<\/b><span style=\"font-weight: 400;\">  No hacemos un seguimiento de las versiones ni permitimos editar los documentos una vez que se han subido.<\/span><\/li>\n<li style=\"font-weight: 400;\" aria-level=\"1\"><b>Vigila tus enlaces.<\/b><span style=\"font-weight: 400;\">  Red\u00facelos al m\u00ednimo. Utiliza s\u00f3lo enlaces a pruebas, datos y estad\u00edsticas que apoyen tu argumento principal. Nos reservamos el derecho a eliminar cualquier enlace que consideremos de naturaleza excesivamente promocional.  <\/span><\/li>\n<li style=\"font-weight: 400;\" aria-level=\"1\"><b>Sonr\u00ede a la c\u00e1mara.<\/b><span style=\"font-weight: 400;\">  Adjunta un retrato robot cuadrado de 200&#215;200 adecuado.<\/span><\/li>\n<li style=\"font-weight: 400;\" aria-level=\"1\"><b>Pres\u00e9ntate a nuestros lectores.<\/b><span style=\"font-weight: 400;\">  Proporciona una biograf\u00eda del autor de 100 a 150 palabras. Los enlaces que aparezcan en las biograf\u00edas ser\u00e1n eliminados. <\/span><\/li>\n<\/ul>\n<h3><span style=\"font-weight: 400;\">Por favor, <\/span><b>NO LO HAGAS:<\/b><\/h3>\n<ul>\n<li style=\"font-weight: 400;\" aria-level=\"1\"><b>Plagiar.<\/b><span style=\"font-weight: 400;\">  Ni siquiera un poco.  <\/span><\/li>\n<li style=\"font-weight: 400;\" aria-level=\"1\"><span style=\"font-weight: 400;\">Env\u00eda el mismo art\u00edculo m\u00e1s de una vez.<\/span><\/li>\n<li style=\"font-weight: 400;\" aria-level=\"1\"><span style=\"font-weight: 400;\">Env\u00eda art\u00edculos como adjuntos a correos electr\u00f3nicos.<\/span><\/li>\n<li style=\"font-weight: 400;\" aria-level=\"1\"><span style=\"font-weight: 400;\">Incluye en tu documento im\u00e1genes que no te pertenezcan o que sean de dominio p\u00fablico.<\/span><\/li>\n<li style=\"font-weight: 400;\" aria-level=\"1\"><span style=\"font-weight: 400;\">Ponte en contacto con nosotros despu\u00e9s de la publicaci\u00f3n para solicitar que se modifique el texto o se vuelvan a a\u00f1adir enlaces.<\/span><\/li>\n<\/ul>\n<h2><span style=\"font-weight: 400;\">Paso 2: Disfruta de tu reci\u00e9n descubierta -o muy aumentada- fama.<\/span><\/h2>\n<p><span style=\"font-weight: 400;\">Esperamos verte enlazar a tu(s) art\u00edculo(s) de News Reports en LinkedIn y otras plataformas de redes sociales. Por nuestra parte, hacemos todo lo posible para que tu experiencia sea muy visible para el p\u00fablico interesado. <\/span><\/p>\n<h3><a href=\"https:\/\/form.jotform.com\/211294558851159\" target=\"_blank\" rel=\"noopener\">\u00a1Env\u00eda tu borrador aqu\u00ed!<\/a><\/h3>\n","protected":false},"excerpt":{"rendered":"<p>\u00bfQuieres colaborar en News Reports? \u00a1Grandes noticias, autores con talento! News Reports acepta art\u00edculos de invitados. Pero ten en cuenta que tenemos buen ojo para la calidad y somos muy selectivos con lo que decidimos publicar. Buscamos contenido fresco y totalmente original que realmente tenga algo significativo que decir a nuestros lectores. Tu mejor apuesta [&hellip;]<\/p>\n","protected":false},"author":1,"featured_media":0,"parent":0,"menu_order":0,"comment_status":"closed","ping_status":"closed","template":"","meta":{"_acf_changed":false,"inline_featured_image":false,"footnotes":""},"class_list":["post-141944","page","type-page","status-publish","hentry"],"acf":[],"yoast_head":"<!-- This site is optimized with the Yoast SEO plugin v18.8 - https:\/\/yoast.com\/wordpress\/plugins\/seo\/ -->\n<title>Colaboradores<\/title>\n<meta name=\"description\" content=\"Aprende c\u00f3mo contribuir a NewsReports en nuestra p\u00e1gina de colaboradores. En ella se exponen las directrices y otros aspectos para una posible contribuci\u00f3n.\" \/>\n<meta name=\"robots\" content=\"index, follow, max-snippet:-1, max-image-preview:large, max-video-preview:-1\" \/>\n<link rel=\"canonical\" href=\"https:\/\/newsreports.com\/es\/colaboradores\/\" \/>\n<meta property=\"og:locale\" content=\"es_ES\" \/>\n<meta property=\"og:type\" content=\"article\" \/>\n<meta property=\"og:title\" content=\"Colaboradores\" \/>\n<meta property=\"og:description\" content=\"Aprende c\u00f3mo contribuir a NewsReports en nuestra p\u00e1gina de colaboradores. En ella se exponen las directrices y otros aspectos para una posible contribuci\u00f3n.\" \/>\n<meta property=\"og:url\" content=\"https:\/\/newsreports.com\/es\/colaboradores\/\" \/>\n<meta property=\"og:site_name\" content=\"NewsReports\" \/>\n<meta name=\"twitter:card\" content=\"summary_large_image\" \/>\n<meta name=\"twitter:label1\" content=\"Tiempo de lectura\" \/>\n\t<meta name=\"twitter:data1\" content=\"3 minutos\" \/>\n<script type=\"application\/ld+json\" class=\"yoast-schema-graph\">{\"@context\":\"https:\/\/schema.org\",\"@graph\":[{\"@type\":\"WebSite\",\"@id\":\"https:\/\/newsreports.com\/es\/#website\",\"url\":\"https:\/\/newsreports.com\/es\/\",\"name\":\"NewsReports\",\"description\":\"- Apps News, Trends, and More\",\"potentialAction\":[{\"@type\":\"SearchAction\",\"target\":{\"@type\":\"EntryPoint\",\"urlTemplate\":\"https:\/\/newsreports.com\/es\/?s={search_term_string}\"},\"query-input\":\"required name=search_term_string\"}],\"inLanguage\":\"es\"},{\"@type\":\"WebPage\",\"@id\":\"https:\/\/newsreports.com\/es\/colaboradores\/#webpage\",\"url\":\"https:\/\/newsreports.com\/es\/colaboradores\/\",\"name\":\"Colaboradores\",\"isPartOf\":{\"@id\":\"https:\/\/newsreports.com\/es\/#website\"},\"datePublished\":\"2020-10-22T06:40:34+00:00\",\"dateModified\":\"2020-10-22T06:40:34+00:00\",\"description\":\"Aprende c\u00f3mo contribuir a NewsReports en nuestra p\u00e1gina de colaboradores. En ella se exponen las directrices y otros aspectos para una posible contribuci\u00f3n.\",\"breadcrumb\":{\"@id\":\"https:\/\/newsreports.com\/es\/colaboradores\/#breadcrumb\"},\"inLanguage\":\"es\",\"potentialAction\":[{\"@type\":\"ReadAction\",\"target\":[\"https:\/\/newsreports.com\/es\/colaboradores\/\"]}]},{\"@type\":\"BreadcrumbList\",\"@id\":\"https:\/\/newsreports.com\/es\/colaboradores\/#breadcrumb\",\"itemListElement\":[{\"@type\":\"ListItem\",\"position\":1,\"name\":\"Home\",\"item\":\"https:\/\/newsreports.com\/es\/inicio\/\"},{\"@type\":\"ListItem\",\"position\":2,\"name\":\"Colaboradores\"}]}]}<\/script>\n<!-- \/ Yoast SEO plugin. -->","yoast_head_json":{"title":"Colaboradores","description":"Aprende c\u00f3mo contribuir a NewsReports en nuestra p\u00e1gina de colaboradores. En ella se exponen las directrices y otros aspectos para una posible contribuci\u00f3n.","robots":{"index":"index","follow":"follow","max-snippet":"max-snippet:-1","max-image-preview":"max-image-preview:large","max-video-preview":"max-video-preview:-1"},"canonical":"https:\/\/newsreports.com\/es\/colaboradores\/","og_locale":"es_ES","og_type":"article","og_title":"Colaboradores","og_description":"Aprende c\u00f3mo contribuir a NewsReports en nuestra p\u00e1gina de colaboradores. En ella se exponen las directrices y otros aspectos para una posible contribuci\u00f3n.","og_url":"https:\/\/newsreports.com\/es\/colaboradores\/","og_site_name":"NewsReports","twitter_card":"summary_large_image","twitter_misc":{"Tiempo de lectura":"3 minutos"},"schema":{"@context":"https:\/\/schema.org","@graph":[{"@type":"WebSite","@id":"https:\/\/newsreports.com\/es\/#website","url":"https:\/\/newsreports.com\/es\/","name":"NewsReports","description":"- Apps News, Trends, and More","potentialAction":[{"@type":"SearchAction","target":{"@type":"EntryPoint","urlTemplate":"https:\/\/newsreports.com\/es\/?s={search_term_string}"},"query-input":"required name=search_term_string"}],"inLanguage":"es"},{"@type":"WebPage","@id":"https:\/\/newsreports.com\/es\/colaboradores\/#webpage","url":"https:\/\/newsreports.com\/es\/colaboradores\/","name":"Colaboradores","isPartOf":{"@id":"https:\/\/newsreports.com\/es\/#website"},"datePublished":"2020-10-22T06:40:34+00:00","dateModified":"2020-10-22T06:40:34+00:00","description":"Aprende c\u00f3mo contribuir a NewsReports en nuestra p\u00e1gina de colaboradores. En ella se exponen las directrices y otros aspectos para una posible contribuci\u00f3n.","breadcrumb":{"@id":"https:\/\/newsreports.com\/es\/colaboradores\/#breadcrumb"},"inLanguage":"es","potentialAction":[{"@type":"ReadAction","target":["https:\/\/newsreports.com\/es\/colaboradores\/"]}]},{"@type":"BreadcrumbList","@id":"https:\/\/newsreports.com\/es\/colaboradores\/#breadcrumb","itemListElement":[{"@type":"ListItem","position":1,"name":"Home","item":"https:\/\/newsreports.com\/es\/inicio\/"},{"@type":"ListItem","position":2,"name":"Colaboradores"}]}]}},"_links":{"self":[{"href":"https:\/\/newsreports.com\/es\/wp-json\/wp\/v2\/pages\/141944","targetHints":{"allow":["GET"]}}],"collection":[{"href":"https:\/\/newsreports.com\/es\/wp-json\/wp\/v2\/pages"}],"about":[{"href":"https:\/\/newsreports.com\/es\/wp-json\/wp\/v2\/types\/page"}],"author":[{"embeddable":true,"href":"https:\/\/newsreports.com\/es\/wp-json\/wp\/v2\/users\/1"}],"replies":[{"embeddable":true,"href":"https:\/\/newsreports.com\/es\/wp-json\/wp\/v2\/comments?post=141944"}],"version-history":[{"count":0,"href":"https:\/\/newsreports.com\/es\/wp-json\/wp\/v2\/pages\/141944\/revisions"}],"wp:attachment":[{"href":"https:\/\/newsreports.com\/es\/wp-json\/wp\/v2\/media?parent=141944"}],"curies":[{"name":"wp","href":"https:\/\/api.w.org\/{rel}","templated":true}]}}