{"id":141939,"date":"2017-03-19T11:19:27","date_gmt":"2017-03-19T04:19:27","guid":{"rendered":"https:\/\/newsreports.com\/quienes-somos\/"},"modified":"2017-03-19T11:19:27","modified_gmt":"2017-03-19T04:19:27","slug":"quienes-somos","status":"publish","type":"page","link":"https:\/\/newsreports.com\/es\/quienes-somos\/","title":{"rendered":"Qui\u00e9nes somos"},"content":{"rendered":"<p><span style=\"font-weight: 400;\">NewsReports es un sitio de noticias e informaci\u00f3n general. Cubrimos todos los temas con \u00e9nfasis en la tecnolog\u00eda, la salud y el estilo de vida.  <\/span><\/p>\n<p><span style=\"font-weight: 400;\">Encontramos alegr\u00eda y emoci\u00f3n en informar sobre nuevas tendencias, ideas o innovaciones que nos parecen \u00abdignas de noticia\u00bb.<\/span><\/p>\n<h2>Nuestro equipo y nuestra historia<\/h2>\n<p><span style=\"font-weight: 400;\">El equipo editorial de NewsReports se dedica a encontrar y publicar art\u00edculos de inter\u00e9s que sirvan para beneficiar a nuestros lectores, ya sean trucos de vida individuales o consejos que puedan ayudar a las empresas a crecer.<\/span><\/p>\n<p><span style=\"font-weight: 400;\">Esta publicaci\u00f3n s\u00f3lo en l\u00ednea comenz\u00f3 como un humilde sitio web dedicado a cribar los (literalmente) millones de aplicaciones disponibles actualmente en Apple Store o en Google Play, haciendo todo lo posible por orientar a nuestros lectores hacia la sustancia por encima del bombo publicitario.<\/span><\/p>\n<p><span style=\"font-weight: 400;\">Desde entonces, hemos ampliado nuestra cobertura a m\u00faltiples \u00e1reas que tambi\u00e9n ayudan a los lectores a modificar su estilo de vida cotidiano para ser m\u00e1s productivos, aprender a relajarse, prosperar en una cultura cada vez m\u00e1s online, o lo que sea.<\/span><\/p>\n<h3>Contacto personal<\/h3>\n<p>Redactor jefe: sofia@newsreports.com<\/p>\n","protected":false},"excerpt":{"rendered":"<p>NewsReports es un sitio de noticias e informaci\u00f3n general. Cubrimos todos los temas con \u00e9nfasis en la tecnolog\u00eda, la salud y el estilo de vida. Encontramos alegr\u00eda y emoci\u00f3n en informar sobre nuevas tendencias, ideas o innovaciones que nos parecen \u00abdignas de noticia\u00bb. Nuestro equipo y nuestra historia El equipo editorial de NewsReports se dedica [&hellip;]<\/p>\n","protected":false},"author":15865,"featured_media":0,"parent":0,"menu_order":0,"comment_status":"closed","ping_status":"closed","template":"","meta":{"_acf_changed":false,"inline_featured_image":false,"footnotes":""},"class_list":["post-141939","page","type-page","status-publish","hentry"],"acf":[],"yoast_head":"<!-- This site is optimized with the Yoast SEO plugin v18.8 - https:\/\/yoast.com\/wordpress\/plugins\/seo\/ -->\n<title>Qui\u00e9nes somos<\/title>\n<meta name=\"description\" content=\"El equipo editorial de NewsReports se dedica a encontrar y publicar art\u00edculos de inter\u00e9s que sirvan para beneficiar a nuestros lectores.\" \/>\n<meta name=\"robots\" content=\"index, follow, max-snippet:-1, max-image-preview:large, max-video-preview:-1\" \/>\n<link rel=\"canonical\" href=\"https:\/\/newsreports.com\/es\/quienes-somos\/\" \/>\n<meta property=\"og:locale\" content=\"es_ES\" \/>\n<meta property=\"og:type\" content=\"article\" \/>\n<meta property=\"og:title\" content=\"Qui\u00e9nes somos\" \/>\n<meta property=\"og:description\" content=\"El equipo editorial de NewsReports se dedica a encontrar y publicar art\u00edculos de inter\u00e9s que sirvan para beneficiar a nuestros lectores.\" \/>\n<meta property=\"og:url\" content=\"https:\/\/newsreports.com\/es\/quienes-somos\/\" \/>\n<meta property=\"og:site_name\" content=\"NewsReports\" \/>\n<meta name=\"twitter:card\" content=\"summary_large_image\" \/>\n<meta name=\"twitter:label1\" content=\"Tiempo de lectura\" \/>\n\t<meta name=\"twitter:data1\" content=\"1 minuto\" \/>\n<script type=\"application\/ld+json\" class=\"yoast-schema-graph\">{\"@context\":\"https:\/\/schema.org\",\"@graph\":[{\"@type\":\"WebSite\",\"@id\":\"https:\/\/newsreports.com\/es\/#website\",\"url\":\"https:\/\/newsreports.com\/es\/\",\"name\":\"NewsReports\",\"description\":\"- Apps News, Trends, and More\",\"potentialAction\":[{\"@type\":\"SearchAction\",\"target\":{\"@type\":\"EntryPoint\",\"urlTemplate\":\"https:\/\/newsreports.com\/es\/?s={search_term_string}\"},\"query-input\":\"required name=search_term_string\"}],\"inLanguage\":\"es\"},{\"@type\":\"WebPage\",\"@id\":\"https:\/\/newsreports.com\/es\/quienes-somos\/#webpage\",\"url\":\"https:\/\/newsreports.com\/es\/quienes-somos\/\",\"name\":\"Qui\u00e9nes somos\",\"isPartOf\":{\"@id\":\"https:\/\/newsreports.com\/es\/#website\"},\"datePublished\":\"2017-03-19T04:19:27+00:00\",\"dateModified\":\"2017-03-19T04:19:27+00:00\",\"description\":\"El equipo editorial de NewsReports se dedica a encontrar y publicar art\u00edculos de inter\u00e9s que sirvan para beneficiar a nuestros lectores.\",\"breadcrumb\":{\"@id\":\"https:\/\/newsreports.com\/es\/quienes-somos\/#breadcrumb\"},\"inLanguage\":\"es\",\"potentialAction\":[{\"@type\":\"ReadAction\",\"target\":[\"https:\/\/newsreports.com\/es\/quienes-somos\/\"]}]},{\"@type\":\"BreadcrumbList\",\"@id\":\"https:\/\/newsreports.com\/es\/quienes-somos\/#breadcrumb\",\"itemListElement\":[{\"@type\":\"ListItem\",\"position\":1,\"name\":\"Home\",\"item\":\"https:\/\/newsreports.com\/es\/inicio\/\"},{\"@type\":\"ListItem\",\"position\":2,\"name\":\"Qui\u00e9nes somos\"}]}]}<\/script>\n<!-- \/ Yoast SEO plugin. -->","yoast_head_json":{"title":"Qui\u00e9nes somos","description":"El equipo editorial de NewsReports se dedica a encontrar y publicar art\u00edculos de inter\u00e9s que sirvan para beneficiar a nuestros lectores.","robots":{"index":"index","follow":"follow","max-snippet":"max-snippet:-1","max-image-preview":"max-image-preview:large","max-video-preview":"max-video-preview:-1"},"canonical":"https:\/\/newsreports.com\/es\/quienes-somos\/","og_locale":"es_ES","og_type":"article","og_title":"Qui\u00e9nes somos","og_description":"El equipo editorial de NewsReports se dedica a encontrar y publicar art\u00edculos de inter\u00e9s que sirvan para beneficiar a nuestros lectores.","og_url":"https:\/\/newsreports.com\/es\/quienes-somos\/","og_site_name":"NewsReports","twitter_card":"summary_large_image","twitter_misc":{"Tiempo de lectura":"1 minuto"},"schema":{"@context":"https:\/\/schema.org","@graph":[{"@type":"WebSite","@id":"https:\/\/newsreports.com\/es\/#website","url":"https:\/\/newsreports.com\/es\/","name":"NewsReports","description":"- Apps News, Trends, and More","potentialAction":[{"@type":"SearchAction","target":{"@type":"EntryPoint","urlTemplate":"https:\/\/newsreports.com\/es\/?s={search_term_string}"},"query-input":"required name=search_term_string"}],"inLanguage":"es"},{"@type":"WebPage","@id":"https:\/\/newsreports.com\/es\/quienes-somos\/#webpage","url":"https:\/\/newsreports.com\/es\/quienes-somos\/","name":"Qui\u00e9nes somos","isPartOf":{"@id":"https:\/\/newsreports.com\/es\/#website"},"datePublished":"2017-03-19T04:19:27+00:00","dateModified":"2017-03-19T04:19:27+00:00","description":"El equipo editorial de NewsReports se dedica a encontrar y publicar art\u00edculos de inter\u00e9s que sirvan para beneficiar a nuestros lectores.","breadcrumb":{"@id":"https:\/\/newsreports.com\/es\/quienes-somos\/#breadcrumb"},"inLanguage":"es","potentialAction":[{"@type":"ReadAction","target":["https:\/\/newsreports.com\/es\/quienes-somos\/"]}]},{"@type":"BreadcrumbList","@id":"https:\/\/newsreports.com\/es\/quienes-somos\/#breadcrumb","itemListElement":[{"@type":"ListItem","position":1,"name":"Home","item":"https:\/\/newsreports.com\/es\/inicio\/"},{"@type":"ListItem","position":2,"name":"Qui\u00e9nes somos"}]}]}},"_links":{"self":[{"href":"https:\/\/newsreports.com\/es\/wp-json\/wp\/v2\/pages\/141939","targetHints":{"allow":["GET"]}}],"collection":[{"href":"https:\/\/newsreports.com\/es\/wp-json\/wp\/v2\/pages"}],"about":[{"href":"https:\/\/newsreports.com\/es\/wp-json\/wp\/v2\/types\/page"}],"author":[{"embeddable":true,"href":"https:\/\/newsreports.com\/es\/wp-json\/wp\/v2\/users\/15865"}],"replies":[{"embeddable":true,"href":"https:\/\/newsreports.com\/es\/wp-json\/wp\/v2\/comments?post=141939"}],"version-history":[{"count":0,"href":"https:\/\/newsreports.com\/es\/wp-json\/wp\/v2\/pages\/141939\/revisions"}],"wp:attachment":[{"href":"https:\/\/newsreports.com\/es\/wp-json\/wp\/v2\/media?parent=141939"}],"curies":[{"name":"wp","href":"https:\/\/api.w.org\/{rel}","templated":true}]}}