{"id":141937,"date":"2014-06-02T13:53:23","date_gmt":"2014-06-02T06:53:23","guid":{"rendered":"https:\/\/newsreports.com\/promociona-tu-app-o-software\/"},"modified":"2014-06-02T13:53:23","modified_gmt":"2014-06-02T06:53:23","slug":"promociona-tu-app-o-software","status":"publish","type":"page","link":"https:\/\/newsreports.com\/es\/promociona-tu-app-o-software\/","title":{"rendered":"Promociona tu App o Software"},"content":{"rendered":"<h2>Haz que NewsReports destaque tu aplicaci\u00f3n o software<\/h2>\n<p>NewsReports es la opci\u00f3n de colocaci\u00f3n perfecta:<\/p>\n<ol>\n<li>si quieres una caracter\u00edstica de tu software o app<\/li>\n<li>quieres aumentar la popularidad de tu aplicaci\u00f3n<\/li>\n<li>desarrollar credibilidad a los ojos del p\u00fablico<\/li>\n<\/ol>\n<p>&nbsp;<\/p>\n<p>El equipo de NewsReports te lo ha puesto f\u00e1cil para hablar de tu aplicaci\u00f3n o software. S\u00f3lo tienes que rellenar dos formularios y enviarlos junto con la cuota editorial final. (La cuota editorial nos ayuda a cubrir los gastos de personal para mantener operativo este proceso de art\u00edculos). El proceso de env\u00edo es similar al popular juego \u00abMad Libs\u00bb. Rellena los espacios en blanco y explica la historia de tu aplicaci\u00f3n o software. Adem\u00e1s, cuando lo env\u00edes, aseg\u00farate de a\u00f1adir un logotipo de alta calidad de tu software o aplicaci\u00f3n. \u00a1Un gran logotipo puede llegar muy lejos! El formulario tendr\u00e1 una secci\u00f3n para enviar el logotipo. Una vez recibido, el equipo editorial de NewsReport utilizar\u00e1 la presentaci\u00f3n \u00abMad Libs\u00bb para crear el art\u00edculo final publicado.  <\/p>\n<p><strong>Para empezar, \u00a1presenta tu aplicaci\u00f3n o software <a href=\"https:\/\/form.jotform.com\/223176516532151\" target=\"_blank\" rel=\"noopener\">aqu\u00ed!<\/a> <\/strong><\/p>\n<h2>Ten en cuenta<\/h2>\n<p>NewsReports ejerce la libertad editorial, por lo que la publicaci\u00f3n s\u00f3lo presenta aplicaciones o software que sean valiosos y de inter\u00e9s potencial para la audiencia y los lectores de NewsReports. Por lo general, el equipo de NewsReports s\u00f3lo ejerce esta libertad en escenarios o situaciones \u00fanicas. Como norma general, NewsReports s\u00f3lo acepta aplicaciones o software de alta calidad para mantener nuestra reputaci\u00f3n. Por lo tanto, si tu aplicaci\u00f3n o software no cumple nuestro est\u00e1ndar, la publicaci\u00f3n <strong>NO<\/strong> lo presentar\u00e1 en NewsReports. Normalmente, los programas y aplicaciones enviados tienen al menos m\u00e1s de 500 usuarios. Antes de hacer un pedido, comprueba los requisitos editoriales: <\/p>\n<ol>\n<li>No se aceptan aplicaciones de juegos de azar, para adultos ni de divisas<\/li>\n<li>La valoraci\u00f3n media m\u00ednima de la aplicaci\u00f3n o software es de 3,5<\/li>\n<li>Para las aplicaciones, s\u00f3lo aceptamos las que est\u00e1n disponibles en Play Store y\/o App Store para su descarga<\/li>\n<\/ol>\n","protected":false},"excerpt":{"rendered":"<p>Haz que NewsReports destaque tu aplicaci\u00f3n o software NewsReports es la opci\u00f3n de colocaci\u00f3n perfecta: si quieres una caracter\u00edstica de tu software o app quieres aumentar la popularidad de tu aplicaci\u00f3n desarrollar credibilidad a los ojos del p\u00fablico &nbsp; El equipo de NewsReports te lo ha puesto f\u00e1cil para hablar de tu aplicaci\u00f3n o software. [&hellip;]<\/p>\n","protected":false},"author":15872,"featured_media":0,"parent":0,"menu_order":0,"comment_status":"closed","ping_status":"closed","template":"","meta":{"_acf_changed":false,"inline_featured_image":false,"footnotes":""},"class_list":["post-141937","page","type-page","status-publish","hentry"],"acf":[],"yoast_head":"<!-- This site is optimized with the Yoast SEO plugin v18.8 - https:\/\/yoast.com\/wordpress\/plugins\/seo\/ -->\n<title>Promociona tu App o Software<\/title>\n<meta name=\"description\" content=\"Ejercemos nuestra libertad editorial, por lo que destacamos las aplicaciones o el software que consideramos valiosos y de inter\u00e9s potencial para nuestros lectores.\" \/>\n<meta name=\"robots\" content=\"index, follow, max-snippet:-1, max-image-preview:large, max-video-preview:-1\" \/>\n<link rel=\"canonical\" href=\"https:\/\/newsreports.com\/es\/promociona-tu-app-o-software\/\" \/>\n<meta property=\"og:locale\" content=\"es_ES\" \/>\n<meta property=\"og:type\" content=\"article\" \/>\n<meta property=\"og:title\" content=\"Promociona tu App o Software\" \/>\n<meta property=\"og:description\" content=\"Ejercemos nuestra libertad editorial, por lo que destacamos las aplicaciones o el software que consideramos valiosos y de inter\u00e9s potencial para nuestros lectores.\" \/>\n<meta property=\"og:url\" content=\"https:\/\/newsreports.com\/es\/promociona-tu-app-o-software\/\" \/>\n<meta property=\"og:site_name\" content=\"NewsReports\" \/>\n<meta name=\"twitter:card\" content=\"summary_large_image\" \/>\n<meta name=\"twitter:label1\" content=\"Tiempo de lectura\" \/>\n\t<meta name=\"twitter:data1\" content=\"2 minutos\" \/>\n<script type=\"application\/ld+json\" class=\"yoast-schema-graph\">{\"@context\":\"https:\/\/schema.org\",\"@graph\":[{\"@type\":\"WebSite\",\"@id\":\"https:\/\/newsreports.com\/es\/#website\",\"url\":\"https:\/\/newsreports.com\/es\/\",\"name\":\"NewsReports\",\"description\":\"- Apps News, Trends, and More\",\"potentialAction\":[{\"@type\":\"SearchAction\",\"target\":{\"@type\":\"EntryPoint\",\"urlTemplate\":\"https:\/\/newsreports.com\/es\/?s={search_term_string}\"},\"query-input\":\"required name=search_term_string\"}],\"inLanguage\":\"es\"},{\"@type\":\"WebPage\",\"@id\":\"https:\/\/newsreports.com\/es\/promociona-tu-app-o-software\/#webpage\",\"url\":\"https:\/\/newsreports.com\/es\/promociona-tu-app-o-software\/\",\"name\":\"Promociona tu App o Software\",\"isPartOf\":{\"@id\":\"https:\/\/newsreports.com\/es\/#website\"},\"datePublished\":\"2014-06-02T06:53:23+00:00\",\"dateModified\":\"2014-06-02T06:53:23+00:00\",\"description\":\"Ejercemos nuestra libertad editorial, por lo que destacamos las aplicaciones o el software que consideramos valiosos y de inter\u00e9s potencial para nuestros lectores.\",\"breadcrumb\":{\"@id\":\"https:\/\/newsreports.com\/es\/promociona-tu-app-o-software\/#breadcrumb\"},\"inLanguage\":\"es\",\"potentialAction\":[{\"@type\":\"ReadAction\",\"target\":[\"https:\/\/newsreports.com\/es\/promociona-tu-app-o-software\/\"]}]},{\"@type\":\"BreadcrumbList\",\"@id\":\"https:\/\/newsreports.com\/es\/promociona-tu-app-o-software\/#breadcrumb\",\"itemListElement\":[{\"@type\":\"ListItem\",\"position\":1,\"name\":\"Home\",\"item\":\"https:\/\/newsreports.com\/es\/inicio\/\"},{\"@type\":\"ListItem\",\"position\":2,\"name\":\"Promociona tu App o Software\"}]}]}<\/script>\n<!-- \/ Yoast SEO plugin. -->","yoast_head_json":{"title":"Promociona tu App o Software","description":"Ejercemos nuestra libertad editorial, por lo que destacamos las aplicaciones o el software que consideramos valiosos y de inter\u00e9s potencial para nuestros lectores.","robots":{"index":"index","follow":"follow","max-snippet":"max-snippet:-1","max-image-preview":"max-image-preview:large","max-video-preview":"max-video-preview:-1"},"canonical":"https:\/\/newsreports.com\/es\/promociona-tu-app-o-software\/","og_locale":"es_ES","og_type":"article","og_title":"Promociona tu App o Software","og_description":"Ejercemos nuestra libertad editorial, por lo que destacamos las aplicaciones o el software que consideramos valiosos y de inter\u00e9s potencial para nuestros lectores.","og_url":"https:\/\/newsreports.com\/es\/promociona-tu-app-o-software\/","og_site_name":"NewsReports","twitter_card":"summary_large_image","twitter_misc":{"Tiempo de lectura":"2 minutos"},"schema":{"@context":"https:\/\/schema.org","@graph":[{"@type":"WebSite","@id":"https:\/\/newsreports.com\/es\/#website","url":"https:\/\/newsreports.com\/es\/","name":"NewsReports","description":"- Apps News, Trends, and More","potentialAction":[{"@type":"SearchAction","target":{"@type":"EntryPoint","urlTemplate":"https:\/\/newsreports.com\/es\/?s={search_term_string}"},"query-input":"required name=search_term_string"}],"inLanguage":"es"},{"@type":"WebPage","@id":"https:\/\/newsreports.com\/es\/promociona-tu-app-o-software\/#webpage","url":"https:\/\/newsreports.com\/es\/promociona-tu-app-o-software\/","name":"Promociona tu App o Software","isPartOf":{"@id":"https:\/\/newsreports.com\/es\/#website"},"datePublished":"2014-06-02T06:53:23+00:00","dateModified":"2014-06-02T06:53:23+00:00","description":"Ejercemos nuestra libertad editorial, por lo que destacamos las aplicaciones o el software que consideramos valiosos y de inter\u00e9s potencial para nuestros lectores.","breadcrumb":{"@id":"https:\/\/newsreports.com\/es\/promociona-tu-app-o-software\/#breadcrumb"},"inLanguage":"es","potentialAction":[{"@type":"ReadAction","target":["https:\/\/newsreports.com\/es\/promociona-tu-app-o-software\/"]}]},{"@type":"BreadcrumbList","@id":"https:\/\/newsreports.com\/es\/promociona-tu-app-o-software\/#breadcrumb","itemListElement":[{"@type":"ListItem","position":1,"name":"Home","item":"https:\/\/newsreports.com\/es\/inicio\/"},{"@type":"ListItem","position":2,"name":"Promociona tu App o Software"}]}]}},"_links":{"self":[{"href":"https:\/\/newsreports.com\/es\/wp-json\/wp\/v2\/pages\/141937","targetHints":{"allow":["GET"]}}],"collection":[{"href":"https:\/\/newsreports.com\/es\/wp-json\/wp\/v2\/pages"}],"about":[{"href":"https:\/\/newsreports.com\/es\/wp-json\/wp\/v2\/types\/page"}],"author":[{"embeddable":true,"href":"https:\/\/newsreports.com\/es\/wp-json\/wp\/v2\/users\/15872"}],"replies":[{"embeddable":true,"href":"https:\/\/newsreports.com\/es\/wp-json\/wp\/v2\/comments?post=141937"}],"version-history":[{"count":0,"href":"https:\/\/newsreports.com\/es\/wp-json\/wp\/v2\/pages\/141937\/revisions"}],"wp:attachment":[{"href":"https:\/\/newsreports.com\/es\/wp-json\/wp\/v2\/media?parent=141937"}],"curies":[{"name":"wp","href":"https:\/\/api.w.org\/{rel}","templated":true}]}}