{"id":141931,"date":"2016-11-17T16:25:18","date_gmt":"2016-11-17T09:25:18","guid":{"rendered":"https:\/\/newsreports.com\/politica-de-privacidad\/"},"modified":"2016-11-17T16:25:18","modified_gmt":"2016-11-17T09:25:18","slug":"politica-de-privacidad","status":"publish","type":"page","link":"https:\/\/newsreports.com\/es\/politica-de-privacidad\/","title":{"rendered":"Pol\u00edtica de privacidad"},"content":{"rendered":"<p>Appolicious Inc. (\u00abnosotros\u00bb o \u00abnos\u00bb) se compromete a proteger tu privacidad online. Esta Pol\u00edtica de Privacidad revela las pr\u00e1cticas de privacidad del sitio web <a href=\"\/\">www.appolicious.com<\/a> (nuestro \u00abSitio\u00bb). Te animamos a que leas detenidamente esta Pol\u00edtica de Privacidad para saber qu\u00e9 informaci\u00f3n recopilamos de ti y c\u00f3mo la utilizamos.  <\/p>\n<p><strong><span style=\"text-decoration: underline;\">1. Informaci\u00f3n que recogemos<\/span><\/strong><\/p>\n<p>Recogemos dos tipos de informaci\u00f3n sobre los usuarios: informaci\u00f3n personal identificable (\u00abinformaci\u00f3n personal\u00bb) e informaci\u00f3n no personal identificable (\u00abinformaci\u00f3n no personal\u00bb). La informaci\u00f3n personal es informaci\u00f3n que identifica a un usuario espec\u00edfico. Cuando participas en ciertas actividades que ponemos a tu disposici\u00f3n en nuestro Sitio, como abrir una cuenta, enviar o publicar contenidos, o participar en un concurso, podemos pedirte que proporciones cierta informaci\u00f3n personal, como tu nombre y direcci\u00f3n de correo electr\u00f3nico. Aunque puedes elegir si deseas participar en cualquiera de estas actividades, si no proporcionas la informaci\u00f3n requerida, no se te permitir\u00e1 participar en esa actividad. La informaci\u00f3n no personal es informaci\u00f3n que no identifica a un usuario concreto. Este tipo de informaci\u00f3n puede incluir cosas como el Localizador Uniforme de Recursos (\u00abURL\u00bb) de los sitios web que visitaste antes y despu\u00e9s de llegar a nuestro Sitio y tu direcci\u00f3n de Protocolo de Internet (\u00abIP\u00bb). Nosotros y nuestros proveedores de servicios externos autorizados y servidores de anuncios podemos recopilar autom\u00e1ticamente esta informaci\u00f3n cuando visitas nuestro Sitio, como se describe con m\u00e1s detalle a continuaci\u00f3n.<\/p>\n<p><strong><span style=\"text-decoration: underline;\">2. C\u00f3mo utilizamos la informaci\u00f3n que recopilamos<\/span><\/strong><\/p>\n<p>Utilizamos la informaci\u00f3n que recopilamos de las siguientes maneras:Para los fines para los que proporcionaste la informaci\u00f3n, como enviarte correos electr\u00f3nicos que hayas solicitado;<\/p>\n<ul>\n<li>Para enviarte notificaciones por correo electr\u00f3nico sobre nuestros productos y servicios y ofertas especiales;<\/li>\n<li>Para mejorar el funcionamiento de nuestro Sitio y permitirnos personalizar el contenido y la publicidad;<\/li>\n<li>Solucionar problemas y realizar otras tareas administrativas;<\/li>\n<li>Para analizar nuestra base de usuarios y las tendencias de uso; y<\/li>\n<li>Para hacer cumplir las Condiciones de Uso de nuestro Sitio y esta Pol\u00edtica de Privacidad, cumplir la legislaci\u00f3n aplicable y cooperar con las actividades de aplicaci\u00f3n de la ley.<\/li>\n<\/ul>\n<p><strong><span style=\"text-decoration: underline;\">3. Compartir tu informaci\u00f3n personal<\/span><\/strong><span style=\"text-decoration: underline;\"><br \/>\n<\/span><\/p>\n<p>Excepto en los casos establecidos en esta Pol\u00edtica de Privacidad, no compartiremos tu informaci\u00f3n personal con otras partes, a menos que aceptes que tu informaci\u00f3n sea compartida con una parte que no est\u00e9 afiliada a nosotros.<\/p>\n<ul>\n<li><strong>Podemos compartir tu informaci\u00f3n con Terceros Proveedores de Servicios<em>.<\/em><\/strong> Podemos proporcionar algunos de nuestros servicios y productos a trav\u00e9s de terceros. Estos terceros proveedores de servicios realizan funciones en nuestro nombre, como el env\u00edo de nuestros correos electr\u00f3nicos administrativos y promocionales o la prestaci\u00f3n de servicios de atenci\u00f3n al cliente. Podemos compartir informaci\u00f3n personal o no personal con dichos proveedores de servicios para enviar correos electr\u00f3nicos, administrar concursos en los que participes, prestar servicio de atenci\u00f3n al cliente y solucionar problemas. En el caso de la informaci\u00f3n personal, los proveedores de servicios tendr\u00e1n acceso a tu informaci\u00f3n personal \u00fanicamente con el fin de proporcionarnos dichas funciones limitadas a nosotros o en nuestro nombre.   <\/li>\n<\/ul>\n<ul>\n<li><strong>Podemos compartir tu informaci\u00f3n en una <\/strong><strong>Transferencia de Negocio<\/strong>. Como cualquier otra empresa, podr\u00edamos fusionarnos o ser adquiridos por otra empresa. Si esto ocurriera, la empresa sucesora adquirir\u00eda la informaci\u00f3n que mantenemos, incluyendo tanto la informaci\u00f3n personal como la no personal. Sin embargo, toda tu informaci\u00f3n seguir\u00eda estando sujeta a esta Pol\u00edtica de Privacidad.   <\/li>\n<\/ul>\n<ul>\n<li><strong>Podemos compartir tu informaci\u00f3n para<\/strong><strong>nuestra Protecci\u00f3n y la Protecci\u00f3n de Otros.<\/strong> Podemos compartir informaci\u00f3n personal y no personal cuando creamos que su divulgaci\u00f3n es apropiada para cumplir la ley; hacer cumplir esta Pol\u00edtica de Privacidad, los T\u00e9rminos y Condiciones de nuestro Sitio u otros acuerdos; o proteger los derechos, la propiedad o la seguridad de nuestro Sitio, sus usuarios u otros.<\/li>\n<\/ul>\n<p><span style=\"color: #333333; font-family: helvetica, arial, sans-serif; line-height: 16px;\"><strong><span style=\"text-decoration: underline;\">4 Cookies y otros dispositivos de seguimiento<\/span><\/strong><strong>   <\/strong><\/span><\/p>\n<p>Para facilitar y personalizar tu experiencia con nuestro Sitio, podemos colocar cookies en tu ordenador. Una cookie es un peque\u00f1o archivo de texto que se almacena en el ordenador de un usuario y que guarda informaci\u00f3n no personal sobre ese usuario. Utilizamos cookies para ahorrarte tiempo mientras utilizas nuestro Sitio y recordarnos qui\u00e9n eres. La mayor\u00eda de los navegadores aceptan autom\u00e1ticamente las cookies, pero puedes modificar la configuraci\u00f3n de tu navegador para rechazarlas o eliminarlas. Ten en cuenta que si rechazas o eliminas estas cookies, es posible que algunas partes de nuestro Sitio no funcionen correctamente. Podemos utilizar una empresa de an\u00e1lisis de terceros para rastrear y analizar informaci\u00f3n de uso no personal. Adem\u00e1s, podemos utilizar empresas de publicidad de terceros para publicar anuncios cuando visitas nuestro Sitio. Estas empresas pueden colocar cookies en tu ordenador para ofrecerte publicidad dirigida. Si deseas excluirte de dicha recopilaci\u00f3n por parte de nuestro contratista anal\u00edtico externo, visita: <a href=\"http:\/\/www.google.com\/privacy_ads.html\" target=\"_blank\">http:\/\/www.google.com\/privacy_ads.html.<\/a> Si deseas excluirte de dicha recopilaci\u00f3n por parte de servidores de publicidad de terceros miembros de la Network Advertising Initiative, visita: <a title=\"http:\/\/www.networkadvertising.org\/consumer\/opt_out.asp\" href=\"http:\/\/www.networkadvertising.org\/consumer\/opt_out.asp\" target=\"_BLANK\">http:\/\/www.networkadvertising.org\/consumer\/opt_out.asp.<\/a> Podemos utilizar otras tecnolog\u00edas est\u00e1ndar del sector, como etiquetas de p\u00edxel y otras balizas web, para realizar un seguimiento de tu uso de nuestro Sitio. Las etiquetas de p\u00edxel y las balizas web son peque\u00f1as im\u00e1genes gr\u00e1ficas colocadas en determinadas p\u00e1ginas de nuestro Sitio o en nuestros correos electr\u00f3nicos que nos permiten determinar si has realizado una acci\u00f3n espec\u00edfica. Cuando accedes a estas p\u00e1ginas o abres o haces clic en un correo electr\u00f3nico, las etiquetas de p\u00edxel y las balizas web generan un aviso no identificable personalmente de esa acci\u00f3n. Las etiquetas de p\u00edxel nos permiten medir el volumen y el comportamiento de los usuarios, y nos permiten medir el rendimiento de nuestras promociones.    <\/p>\n<p>&nbsp;<\/p>\n<p><strong><span style=\"text-decoration: underline;\">5. Seguridad de la informaci\u00f3n personal<\/span><\/strong><\/p>\n<p>Nos tomamos la seguridad muy en serio y tomamos numerosas precauciones para proteger la seguridad de tu informaci\u00f3n personal. Tu informaci\u00f3n personal reside en un servidor seguro al que s\u00f3lo tienen acceso personal seleccionado y contratistas. Codificamos cierta informaci\u00f3n sensible utilizando la tecnolog\u00eda Secure Socket Layer (SSL) para garantizar que tu informaci\u00f3n personal est\u00e1 segura mientras se nos transmite. Lamentablemente, no se puede garantizar al 100% la seguridad de ninguna transmisi\u00f3n de datos a trav\u00e9s de Internet o de cualquier red inal\u00e1mbrica. Como resultado, aunque empleamos medidas de seguridad comercialmente razonables para proteger los datos y tratamos de asociarnos con empresas que hacen lo mismo, no podemos garantizar la seguridad de ninguna informaci\u00f3n transmitida a nuestro Sitio o desde \u00e9l, y no somos responsables de las acciones de terceros que puedan recibir dicha informaci\u00f3n.  <\/p>\n<p><strong><span style=\"text-decoration: underline;\">6. Enlaces a otros sitios<\/span><\/strong><\/p>\n<p>Podemos poner a tu disposici\u00f3n contenidos o servicios de otros sitios a trav\u00e9s de enlaces situados en nuestro Sitio. Estos otros sitios no est\u00e1n sujetos a esta Pol\u00edtica de Privacidad. Te recomendamos que revises la pol\u00edtica de privacidad de cada uno de esos sitios para determinar c\u00f3mo protegen tu privacidad.  <\/p>\n<p><strong><span style=\"text-decoration: underline;\">7. Cuestiones varias de privacidad<\/span><\/strong><\/p>\n<p><strong>Hijos.  <\/strong>Los menores de 13 a\u00f1os no pueden utilizar nuestro Sitio. No recogemos ni mantenemos informaci\u00f3n de ninguna persona que se sepa que es menor de 13 a\u00f1os, y ninguna parte de nuestro Sitio est\u00e1 dise\u00f1ada para atraer a menores de 13 a\u00f1os. <strong>\u00c1reas p\u00fablicas<\/strong>. Si revelas informaci\u00f3n personal en cualquier foro de debate u otras \u00e1reas p\u00fablicas de nuestro Sitio, esa informaci\u00f3n puede ser le\u00edda, recopilada o utilizada por otros para enviarte mensajes no solicitados o para otros fines. Esta Pol\u00edtica de Privacidad no se aplica a dicha informaci\u00f3n. Si no deseas que tus comentarios sean vistos por terceros, no realices ning\u00fan env\u00edo de este tipo. <strong>Aviso sobre los derechos de privacidad de los residentes en California<\/strong>. La legislaci\u00f3n de California exige que te proporcionemos un resumen de tus derechos de privacidad en virtud de la Ley de Protecci\u00f3n de la Privacidad en L\u00ednea de California (la \u00abLey\u00bb) y el C\u00f3digo de Empresas y Profesiones de California. Tal y como exige la Ley, te proporcionaremos las categor\u00edas de informaci\u00f3n personal que recopilamos a trav\u00e9s de nuestro Sitio y las categor\u00edas de terceras personas o entidades con las que dicha informaci\u00f3n personal puede ser compartida con fines de marketing directo si as\u00ed lo solicitas. La ley de California nos obliga a informarte, si lo solicitas: (1) de las categor\u00edas de informaci\u00f3n personal que recopilamos y con qu\u00e9 terceros compartimos esa informaci\u00f3n; (2) de los nombres y direcciones de esos terceros; (3) de ejemplos de los productos comercializados por esas empresas. La ley de California nos exige adem\u00e1s que te permitamos controlar con qui\u00e9n no quieres que compartamos la informaci\u00f3n anterior. Para obtener esta informaci\u00f3n, env\u00edanos una solicitud por correo electr\u00f3nico o correo ordinario a la direcci\u00f3n que encontrar\u00e1s m\u00e1s abajo. Cuando te pongas en contacto con nosotros, indica tu nombre, direcci\u00f3n, direcci\u00f3n de correo electr\u00f3nico y qu\u00e9 informaci\u00f3n personal no quieres que compartamos. La solicitud debe enviarse a la atenci\u00f3n de nuestro departamento jur\u00eddico, y etiquetada como \u00abAviso de elecci\u00f3n del cliente de California\u00bb. La respuesta tardar\u00e1 30 d\u00edas. Adem\u00e1s, ten en cuenta que el control del intercambio de tus datos personales o la solicitud de este aviso son gratuitos. <\/p>\n<p><strong><span style=\"text-decoration: underline;\">8. Cambios en la Pol\u00edtica de Privacidad<\/span><\/strong><\/p>\n<p>Nos reservamos el derecho a modificar esta Pol\u00edtica de Privacidad de vez en cuando, publicando la Pol\u00edtica de Privacidad revisada en la secci\u00f3n \u00abPol\u00edtica de Privacidad\u00bb de nuestro Sitio. Reconoces que es tu responsabilidad revisar nuestro Sitio y la Pol\u00edtica de Privacidad peri\u00f3dicamente para enterarte de cualquier modificaci\u00f3n. Tu uso continuado de nuestro Sitio tras la publicaci\u00f3n de la Pol\u00edtica de Privacidad revisada constituir\u00e1 tu aceptaci\u00f3n de la Pol\u00edtica de Privacidad revisada.  <\/p>\n<p><span style=\"text-decoration: underline;\">9.  <\/span><strong><span style=\"text-decoration: underline;\">Contactar con nosotros<\/span><\/strong><\/p>\n<p>Si tienes preguntas o dudas sobre esta Pol\u00edtica de Privacidad, ponte en contacto con nosotros por correo electr\u00f3nico en legal@appolicious.com.<\/p>\n","protected":false},"excerpt":{"rendered":"<p>Appolicious Inc. (\u00abnosotros\u00bb o \u00abnos\u00bb) se compromete a proteger tu privacidad online. Esta Pol\u00edtica de Privacidad revela las pr\u00e1cticas de privacidad del sitio web www.appolicious.com (nuestro \u00abSitio\u00bb). Te animamos a que leas detenidamente esta Pol\u00edtica de Privacidad para saber qu\u00e9 informaci\u00f3n recopilamos de ti y c\u00f3mo la utilizamos. 1. Informaci\u00f3n que recogemos Recogemos dos tipos [&hellip;]<\/p>\n","protected":false},"author":15865,"featured_media":0,"parent":0,"menu_order":0,"comment_status":"closed","ping_status":"closed","template":"","meta":{"_acf_changed":false,"inline_featured_image":false,"footnotes":""},"class_list":["post-141931","page","type-page","status-publish","hentry"],"acf":[],"yoast_head":"<!-- This site is optimized with the Yoast SEO plugin v18.8 - https:\/\/yoast.com\/wordpress\/plugins\/seo\/ -->\n<title>Pol\u00edtica de privacidad<\/title>\n<meta name=\"robots\" content=\"index, follow, max-snippet:-1, max-image-preview:large, max-video-preview:-1\" \/>\n<link rel=\"canonical\" href=\"https:\/\/newsreports.com\/es\/politica-de-privacidad\/\" \/>\n<meta property=\"og:locale\" content=\"es_ES\" \/>\n<meta property=\"og:type\" content=\"article\" \/>\n<meta property=\"og:title\" content=\"Pol\u00edtica de privacidad\" \/>\n<meta property=\"og:description\" content=\"Appolicious Inc. (\u00abnosotros\u00bb o \u00abnos\u00bb) se compromete a proteger tu privacidad online. Esta Pol\u00edtica de Privacidad revela las pr\u00e1cticas de privacidad del sitio web www.appolicious.com (nuestro \u00abSitio\u00bb). Te animamos a que leas detenidamente esta Pol\u00edtica de Privacidad para saber qu\u00e9 informaci\u00f3n recopilamos de ti y c\u00f3mo la utilizamos. 1. Informaci\u00f3n que recogemos Recogemos dos tipos [&hellip;]\" \/>\n<meta property=\"og:url\" content=\"https:\/\/newsreports.com\/es\/politica-de-privacidad\/\" \/>\n<meta property=\"og:site_name\" content=\"NewsReports\" \/>\n<meta name=\"twitter:card\" content=\"summary_large_image\" \/>\n<meta name=\"twitter:label1\" content=\"Tiempo de lectura\" \/>\n\t<meta name=\"twitter:data1\" content=\"9 minutos\" \/>\n<script type=\"application\/ld+json\" class=\"yoast-schema-graph\">{\"@context\":\"https:\/\/schema.org\",\"@graph\":[{\"@type\":\"WebSite\",\"@id\":\"https:\/\/newsreports.com\/es\/#website\",\"url\":\"https:\/\/newsreports.com\/es\/\",\"name\":\"NewsReports\",\"description\":\"- Apps News, Trends, and More\",\"potentialAction\":[{\"@type\":\"SearchAction\",\"target\":{\"@type\":\"EntryPoint\",\"urlTemplate\":\"https:\/\/newsreports.com\/es\/?s={search_term_string}\"},\"query-input\":\"required name=search_term_string\"}],\"inLanguage\":\"es\"},{\"@type\":\"WebPage\",\"@id\":\"https:\/\/newsreports.com\/es\/politica-de-privacidad\/#webpage\",\"url\":\"https:\/\/newsreports.com\/es\/politica-de-privacidad\/\",\"name\":\"Pol\u00edtica de privacidad\",\"isPartOf\":{\"@id\":\"https:\/\/newsreports.com\/es\/#website\"},\"datePublished\":\"2016-11-17T09:25:18+00:00\",\"dateModified\":\"2016-11-17T09:25:18+00:00\",\"breadcrumb\":{\"@id\":\"https:\/\/newsreports.com\/es\/politica-de-privacidad\/#breadcrumb\"},\"inLanguage\":\"es\",\"potentialAction\":[{\"@type\":\"ReadAction\",\"target\":[\"https:\/\/newsreports.com\/es\/politica-de-privacidad\/\"]}]},{\"@type\":\"BreadcrumbList\",\"@id\":\"https:\/\/newsreports.com\/es\/politica-de-privacidad\/#breadcrumb\",\"itemListElement\":[{\"@type\":\"ListItem\",\"position\":1,\"name\":\"Home\",\"item\":\"https:\/\/newsreports.com\/es\/inicio\/\"},{\"@type\":\"ListItem\",\"position\":2,\"name\":\"Pol\u00edtica de privacidad\"}]}]}<\/script>\n<!-- \/ Yoast SEO plugin. -->","yoast_head_json":{"title":"Pol\u00edtica de privacidad","robots":{"index":"index","follow":"follow","max-snippet":"max-snippet:-1","max-image-preview":"max-image-preview:large","max-video-preview":"max-video-preview:-1"},"canonical":"https:\/\/newsreports.com\/es\/politica-de-privacidad\/","og_locale":"es_ES","og_type":"article","og_title":"Pol\u00edtica de privacidad","og_description":"Appolicious Inc. (\u00abnosotros\u00bb o \u00abnos\u00bb) se compromete a proteger tu privacidad online. Esta Pol\u00edtica de Privacidad revela las pr\u00e1cticas de privacidad del sitio web www.appolicious.com (nuestro \u00abSitio\u00bb). Te animamos a que leas detenidamente esta Pol\u00edtica de Privacidad para saber qu\u00e9 informaci\u00f3n recopilamos de ti y c\u00f3mo la utilizamos. 1. Informaci\u00f3n que recogemos Recogemos dos tipos [&hellip;]","og_url":"https:\/\/newsreports.com\/es\/politica-de-privacidad\/","og_site_name":"NewsReports","twitter_card":"summary_large_image","twitter_misc":{"Tiempo de lectura":"9 minutos"},"schema":{"@context":"https:\/\/schema.org","@graph":[{"@type":"WebSite","@id":"https:\/\/newsreports.com\/es\/#website","url":"https:\/\/newsreports.com\/es\/","name":"NewsReports","description":"- Apps News, Trends, and More","potentialAction":[{"@type":"SearchAction","target":{"@type":"EntryPoint","urlTemplate":"https:\/\/newsreports.com\/es\/?s={search_term_string}"},"query-input":"required name=search_term_string"}],"inLanguage":"es"},{"@type":"WebPage","@id":"https:\/\/newsreports.com\/es\/politica-de-privacidad\/#webpage","url":"https:\/\/newsreports.com\/es\/politica-de-privacidad\/","name":"Pol\u00edtica de privacidad","isPartOf":{"@id":"https:\/\/newsreports.com\/es\/#website"},"datePublished":"2016-11-17T09:25:18+00:00","dateModified":"2016-11-17T09:25:18+00:00","breadcrumb":{"@id":"https:\/\/newsreports.com\/es\/politica-de-privacidad\/#breadcrumb"},"inLanguage":"es","potentialAction":[{"@type":"ReadAction","target":["https:\/\/newsreports.com\/es\/politica-de-privacidad\/"]}]},{"@type":"BreadcrumbList","@id":"https:\/\/newsreports.com\/es\/politica-de-privacidad\/#breadcrumb","itemListElement":[{"@type":"ListItem","position":1,"name":"Home","item":"https:\/\/newsreports.com\/es\/inicio\/"},{"@type":"ListItem","position":2,"name":"Pol\u00edtica de privacidad"}]}]}},"_links":{"self":[{"href":"https:\/\/newsreports.com\/es\/wp-json\/wp\/v2\/pages\/141931","targetHints":{"allow":["GET"]}}],"collection":[{"href":"https:\/\/newsreports.com\/es\/wp-json\/wp\/v2\/pages"}],"about":[{"href":"https:\/\/newsreports.com\/es\/wp-json\/wp\/v2\/types\/page"}],"author":[{"embeddable":true,"href":"https:\/\/newsreports.com\/es\/wp-json\/wp\/v2\/users\/15865"}],"replies":[{"embeddable":true,"href":"https:\/\/newsreports.com\/es\/wp-json\/wp\/v2\/comments?post=141931"}],"version-history":[{"count":0,"href":"https:\/\/newsreports.com\/es\/wp-json\/wp\/v2\/pages\/141931\/revisions"}],"wp:attachment":[{"href":"https:\/\/newsreports.com\/es\/wp-json\/wp\/v2\/media?parent=141931"}],"curies":[{"name":"wp","href":"https:\/\/api.w.org\/{rel}","templated":true}]}}