{"id":141930,"date":"2013-11-23T18:34:04","date_gmt":"2013-11-23T11:34:04","guid":{"rendered":"https:\/\/newsreports.com\/ponte-en-contacto-con\/"},"modified":"2024-12-15T10:33:41","modified_gmt":"2024-12-15T03:33:41","slug":"ponte-en-contacto-con","status":"publish","type":"page","link":"https:\/\/newsreports.com\/es\/ponte-en-contacto-con\/","title":{"rendered":"Ponte en contacto con"},"content":{"rendered":"\t\t<div data-elementor-type=\"wp-page\" data-elementor-id=\"141930\" class=\"elementor elementor-141930 elementor-90\">\n\t\t\t\t\t\t\t\t\t<section class=\"elementor-section elementor-top-section elementor-element elementor-element-48eb3af3 elementor-section-boxed elementor-section-height-default elementor-section-height-default\" data-id=\"48eb3af3\" data-element_type=\"section\">\n\t\t\t\t\t\t<div class=\"elementor-container elementor-column-gap-default\">\n\t\t\t\t\t<div class=\"elementor-column elementor-col-100 elementor-top-column elementor-element elementor-element-515b7f09\" data-id=\"515b7f09\" data-element_type=\"column\">\n\t\t\t<div class=\"elementor-widget-wrap elementor-element-populated\">\n\t\t\t\t\t\t\t\t<div class=\"elementor-element elementor-element-106a98ed elementor-widget elementor-widget-text-editor\" data-id=\"106a98ed\" data-element_type=\"widget\" data-widget_type=\"text-editor.default\">\n\t\t\t\t<div class=\"elementor-widget-container\">\n\t\t\t<style>\/*! elementor - v3.12.2 - 23-04-2023 *\/\n.elementor-widget-text-editor.elementor-drop-cap-view-stacked .elementor-drop-cap{background-color:#69727d;color:#fff}.elementor-widget-text-editor.elementor-drop-cap-view-framed .elementor-drop-cap{color:#69727d;border:3px solid;background-color:transparent}.elementor-widget-text-editor:not(.elementor-drop-cap-view-default) .elementor-drop-cap{margin-top:8px}.elementor-widget-text-editor:not(.elementor-drop-cap-view-default) .elementor-drop-cap-letter{width:1em;height:1em}.elementor-widget-text-editor .elementor-drop-cap{float:left;text-align:center;line-height:1;font-size:50px}.elementor-widget-text-editor .elementor-drop-cap-letter{display:inline-block}<\/style>\t\t\t\t<h2>Acerca de NewsReports<\/h2>\n<div>\n<p>NewsReports es un sitio de noticias e informaci\u00f3n general. Cubrimos todos los temas, con \u00e9nfasis en la tecnolog\u00eda, la salud y el estilo de vida. <\/p>\n<p>Encontramos alegr\u00eda y emoci\u00f3n en informar sobre nuevas tendencias, ideas o innovaciones que nos parecen \u00abdignas de noticia\u00bb.<\/p>\n<h2>Nuestro equipo y nuestra historia<\/h2>\n<p>El equipo editorial de NewsReports se dedica a encontrar y publicar art\u00edculos de inter\u00e9s que sirvan para beneficiar a nuestros lectores, ya sean trucos de vida individuales o consejos que puedan ayudar a las empresas a crecer.<\/p>\n<p>Esta publicaci\u00f3n s\u00f3lo en l\u00ednea comenz\u00f3 como un humilde sitio web dedicado a cribar los (literalmente) millones de aplicaciones disponibles actualmente en Apple Store o en Google Play, haciendo todo lo posible por orientar a nuestros lectores hacia la sustancia por encima del bombo publicitario.<\/p>\n<p>Desde entonces, hemos ampliado nuestra cobertura a m\u00faltiples \u00e1reas que tambi\u00e9n ayudan a los lectores a modificar su estilo de vida cotidiano para ser m\u00e1s productivos, aprender a relajarse, prosperar en una cultura cada vez m\u00e1s online, o lo que sea.<\/p>\n<p>NewsReports es un sitio de noticias e informaci\u00f3n general. Cubrimos todos los temas, con \u00e9nfasis en la tecnolog\u00eda, la salud y el estilo de vida. <\/p>\n<p>Encontramos alegr\u00eda y emoci\u00f3n en informar sobre nuevas tendencias, ideas o innovaciones que nos parecen \u00abdignas de noticia\u00bb.<\/p>\n<h3>Contacto personal<\/h3>\n<p>Redactor jefe: sofia@newsreports.com<\/p>\n<\/div>\n\t\t\t\t\t\t<\/div>\n\t\t\t\t<\/div>\n\t\t\t\t\t<\/div>\n\t\t<\/div>\n\t\t\t\t\t\t\t<\/div>\n\t\t<\/section>\n\t\t\t\t\t\t\t<\/div>\n\t\t","protected":false},"excerpt":{"rendered":"<p>Acerca de NewsReports NewsReports es un sitio de noticias e informaci\u00f3n general. Cubrimos todos los temas, con \u00e9nfasis en la tecnolog\u00eda, la salud y el estilo de vida. Encontramos alegr\u00eda y emoci\u00f3n en informar sobre nuevas tendencias, ideas o innovaciones que nos parecen \u00abdignas de noticia\u00bb. Nuestro equipo y nuestra historia El equipo editorial de [&hellip;]<\/p>\n","protected":false},"author":1,"featured_media":0,"parent":0,"menu_order":0,"comment_status":"closed","ping_status":"closed","template":"","meta":{"_acf_changed":false,"inline_featured_image":false,"footnotes":""},"class_list":["post-141930","page","type-page","status-publish","hentry"],"acf":[],"yoast_head":"<!-- This site is optimized with the Yoast SEO plugin v18.8 - https:\/\/yoast.com\/wordpress\/plugins\/seo\/ -->\n<title>Ponte en contacto con<\/title>\n<meta name=\"description\" content=\"Utiliza nuestra p\u00e1gina de contacto para saber m\u00e1s sobre c\u00f3mo ponerte en contacto con el equipo de NewsReports y enviar borradores de art\u00edculos a nuestro equipo editorial.\" \/>\n<meta name=\"robots\" content=\"index, follow, max-snippet:-1, max-image-preview:large, max-video-preview:-1\" \/>\n<link rel=\"canonical\" href=\"https:\/\/newsreports.com\/es\/ponte-en-contacto-con\/\" \/>\n<meta property=\"og:locale\" content=\"es_ES\" \/>\n<meta property=\"og:type\" content=\"article\" \/>\n<meta property=\"og:title\" content=\"Ponte en contacto con\" \/>\n<meta property=\"og:description\" content=\"Utiliza nuestra p\u00e1gina de contacto para saber m\u00e1s sobre c\u00f3mo ponerte en contacto con el equipo de NewsReports y enviar borradores de art\u00edculos a nuestro equipo editorial.\" \/>\n<meta property=\"og:url\" content=\"https:\/\/newsreports.com\/es\/ponte-en-contacto-con\/\" \/>\n<meta property=\"og:site_name\" content=\"NewsReports\" \/>\n<meta property=\"article:modified_time\" content=\"2024-12-15T03:33:41+00:00\" \/>\n<meta name=\"twitter:card\" content=\"summary_large_image\" \/>\n<meta name=\"twitter:label1\" content=\"Tiempo de lectura\" \/>\n\t<meta name=\"twitter:data1\" content=\"1 minuto\" \/>\n<script type=\"application\/ld+json\" class=\"yoast-schema-graph\">{\"@context\":\"https:\/\/schema.org\",\"@graph\":[{\"@type\":\"WebSite\",\"@id\":\"https:\/\/newsreports.com\/es\/#website\",\"url\":\"https:\/\/newsreports.com\/es\/\",\"name\":\"NewsReports\",\"description\":\"- Apps News, Trends, and More\",\"potentialAction\":[{\"@type\":\"SearchAction\",\"target\":{\"@type\":\"EntryPoint\",\"urlTemplate\":\"https:\/\/newsreports.com\/es\/?s={search_term_string}\"},\"query-input\":\"required name=search_term_string\"}],\"inLanguage\":\"es\"},{\"@type\":\"WebPage\",\"@id\":\"https:\/\/newsreports.com\/es\/ponte-en-contacto-con\/#webpage\",\"url\":\"https:\/\/newsreports.com\/es\/ponte-en-contacto-con\/\",\"name\":\"Ponte en contacto con\",\"isPartOf\":{\"@id\":\"https:\/\/newsreports.com\/es\/#website\"},\"datePublished\":\"2013-11-23T11:34:04+00:00\",\"dateModified\":\"2024-12-15T03:33:41+00:00\",\"description\":\"Utiliza nuestra p\u00e1gina de contacto para saber m\u00e1s sobre c\u00f3mo ponerte en contacto con el equipo de NewsReports y enviar borradores de art\u00edculos a nuestro equipo editorial.\",\"breadcrumb\":{\"@id\":\"https:\/\/newsreports.com\/es\/ponte-en-contacto-con\/#breadcrumb\"},\"inLanguage\":\"es\",\"potentialAction\":[{\"@type\":\"ReadAction\",\"target\":[\"https:\/\/newsreports.com\/es\/ponte-en-contacto-con\/\"]}]},{\"@type\":\"BreadcrumbList\",\"@id\":\"https:\/\/newsreports.com\/es\/ponte-en-contacto-con\/#breadcrumb\",\"itemListElement\":[{\"@type\":\"ListItem\",\"position\":1,\"name\":\"Home\",\"item\":\"https:\/\/newsreports.com\/es\/inicio\/\"},{\"@type\":\"ListItem\",\"position\":2,\"name\":\"Ponte en contacto con\"}]}]}<\/script>\n<!-- \/ Yoast SEO plugin. -->","yoast_head_json":{"title":"Ponte en contacto con","description":"Utiliza nuestra p\u00e1gina de contacto para saber m\u00e1s sobre c\u00f3mo ponerte en contacto con el equipo de NewsReports y enviar borradores de art\u00edculos a nuestro equipo editorial.","robots":{"index":"index","follow":"follow","max-snippet":"max-snippet:-1","max-image-preview":"max-image-preview:large","max-video-preview":"max-video-preview:-1"},"canonical":"https:\/\/newsreports.com\/es\/ponte-en-contacto-con\/","og_locale":"es_ES","og_type":"article","og_title":"Ponte en contacto con","og_description":"Utiliza nuestra p\u00e1gina de contacto para saber m\u00e1s sobre c\u00f3mo ponerte en contacto con el equipo de NewsReports y enviar borradores de art\u00edculos a nuestro equipo editorial.","og_url":"https:\/\/newsreports.com\/es\/ponte-en-contacto-con\/","og_site_name":"NewsReports","article_modified_time":"2024-12-15T03:33:41+00:00","twitter_card":"summary_large_image","twitter_misc":{"Tiempo de lectura":"1 minuto"},"schema":{"@context":"https:\/\/schema.org","@graph":[{"@type":"WebSite","@id":"https:\/\/newsreports.com\/es\/#website","url":"https:\/\/newsreports.com\/es\/","name":"NewsReports","description":"- Apps News, Trends, and More","potentialAction":[{"@type":"SearchAction","target":{"@type":"EntryPoint","urlTemplate":"https:\/\/newsreports.com\/es\/?s={search_term_string}"},"query-input":"required name=search_term_string"}],"inLanguage":"es"},{"@type":"WebPage","@id":"https:\/\/newsreports.com\/es\/ponte-en-contacto-con\/#webpage","url":"https:\/\/newsreports.com\/es\/ponte-en-contacto-con\/","name":"Ponte en contacto con","isPartOf":{"@id":"https:\/\/newsreports.com\/es\/#website"},"datePublished":"2013-11-23T11:34:04+00:00","dateModified":"2024-12-15T03:33:41+00:00","description":"Utiliza nuestra p\u00e1gina de contacto para saber m\u00e1s sobre c\u00f3mo ponerte en contacto con el equipo de NewsReports y enviar borradores de art\u00edculos a nuestro equipo editorial.","breadcrumb":{"@id":"https:\/\/newsreports.com\/es\/ponte-en-contacto-con\/#breadcrumb"},"inLanguage":"es","potentialAction":[{"@type":"ReadAction","target":["https:\/\/newsreports.com\/es\/ponte-en-contacto-con\/"]}]},{"@type":"BreadcrumbList","@id":"https:\/\/newsreports.com\/es\/ponte-en-contacto-con\/#breadcrumb","itemListElement":[{"@type":"ListItem","position":1,"name":"Home","item":"https:\/\/newsreports.com\/es\/inicio\/"},{"@type":"ListItem","position":2,"name":"Ponte en contacto con"}]}]}},"_links":{"self":[{"href":"https:\/\/newsreports.com\/es\/wp-json\/wp\/v2\/pages\/141930","targetHints":{"allow":["GET"]}}],"collection":[{"href":"https:\/\/newsreports.com\/es\/wp-json\/wp\/v2\/pages"}],"about":[{"href":"https:\/\/newsreports.com\/es\/wp-json\/wp\/v2\/types\/page"}],"author":[{"embeddable":true,"href":"https:\/\/newsreports.com\/es\/wp-json\/wp\/v2\/users\/1"}],"replies":[{"embeddable":true,"href":"https:\/\/newsreports.com\/es\/wp-json\/wp\/v2\/comments?post=141930"}],"version-history":[{"count":1,"href":"https:\/\/newsreports.com\/es\/wp-json\/wp\/v2\/pages\/141930\/revisions"}],"predecessor-version":[{"id":141932,"href":"https:\/\/newsreports.com\/es\/wp-json\/wp\/v2\/pages\/141930\/revisions\/141932"}],"wp:attachment":[{"href":"https:\/\/newsreports.com\/es\/wp-json\/wp\/v2\/media?parent=141930"}],"curies":[{"name":"wp","href":"https:\/\/api.w.org\/{rel}","templated":true}]}}